{"id":146,"date":"2022-12-27T17:27:15","date_gmt":"2022-12-27T16:27:15","guid":{"rendered":"https:\/\/heimatvereinyach.de\/?post_type=product&#038;p=146"},"modified":"2023-05-04T18:07:40","modified_gmt":"2023-05-04T16:07:40","slug":"das-schwarzwalddorf-yach-im-zweiten-weltkrieg","status":"publish","type":"product","link":"https:\/\/heimatvereinyach.de\/startseite\/produkt\/das-schwarzwalddorf-yach-im-zweiten-weltkrieg\/","title":{"rendered":"Das Schwarzwalddorf Yach im Zweiten Weltkrieg"},"content":{"rendered":"<p>Das Schwarzwalddorf Yach am Fu\u00dfe des Rohrhardsberges, das heute zur Stadt Elzach geh\u00f6rt, war nur f\u00fcr kurze Zeit Kriegsschauplatz und doch erheblich vom Zweiten Weltkrieg betroffen. Die Bev\u00f6lkerung musste zahlreiche gefallene oder vermisste Soldaten beklagen, die heimkehrenden hatten schwere Erlebnisse in Krieg und Gefangenschaft zu verarbeiten. In der Landwirtschaft und im Handwerk, in der Schule und in den Vereinen, \u00fcberhaupt im Alltagsleben, sp\u00fcrten die Yacher die Auswirkungen des Krieges und der Politik des nationalsozialistischen Regimes t\u00e4glich. Von besonderer Bedeutung war der Einsatz von Zwangsarbeiterinnen und Zwangsarbeitern aus Polen und der Ukraine.<br \/>\nIm Mittelpunkt des Buches stehen die Menschen in Yach. In Feldpostbriefen und Tageb\u00fcchern kommen die Soldaten zu Wort, in Gespr\u00e4chen mit Zeitzeugen ist der Alltag wieder lebendig geworden, Erinnerungen einiger Zwangsarbeiter erhellen ihr damaliges Leben. Auch die Dokumente sind so ausgew\u00e4hlt worden, dass sie die Lebensumst\u00e4nde verdeutlichen. Nicht viel Spektakul\u00e4res ist in Yach geschehen, aber gerade das macht es spannend, sich mit den Geschehnissen zu besch\u00e4ftigen. Mit diesem Buch, das aus einer Ausstellung hervorgegangen ist und mit zahlreichen Fotos ausgestattet werden konnte, soll ein Beitrag zur Auseinandersetzung mit dem \u201eDritten Reich\u201c geleistet werden. Eine derartige Besch\u00e4ftigung mit der Geschichte kann uns darin st\u00e4rken, dass wir uns differenziert heutigen Problemen stellen.<\/p>\n<p><em>112 S. mit 149 Abb., Broschur.<br \/>\nISBN 978-3-89735-641-2. <\/em><\/p>\n","protected":false},"excerpt":{"rendered":"<p>Das Schwarzwalddorf Yach am Fu\u00dfe des Rohrhardsberges, das heute zur Stadt Elzach geh\u00f6rt, war nur f\u00fcr kurze Zeit Kriegsschauplatz und doch erheblich vom Zweiten Weltkrieg betroffen. Die Bev\u00f6lkerung musste zahlreiche gefallene oder vermisste Soldaten beklagen, die heimkehrenden hatten schwere Erlebnisse in Krieg und Gefangenschaft zu verarbeiten. In der Landwirtschaft und im Handwerk, in der Schule [&hellip;]<\/p>\n","protected":false},"featured_media":147,"comment_status":"open","ping_status":"closed","template":"","meta":{"_et_pb_use_builder":"","_et_pb_old_content":"","_et_gb_content_width":""},"product_cat":[25],"product_tag":[],"class_list":{"0":"post-146","1":"product","2":"type-product","3":"status-publish","4":"has-post-thumbnail","6":"product_cat-buecher","8":"first","9":"instock","10":"shipping-taxable","11":"purchasable","12":"product-type-simple"},"yoast_head":"<!-- This site is optimized with the Yoast SEO plugin v23.6 - https:\/\/yoast.com\/wordpress\/plugins\/seo\/ -->\n<title>Das Schwarzwalddorf Yach im Zweiten Weltkrieg - Heimat- und Lanschaftspflegeverein Yach<\/title>\n<meta name=\"robots\" content=\"index, follow, max-snippet:-1, max-image-preview:large, max-video-preview:-1\" \/>\n<link rel=\"canonical\" href=\"https:\/\/heimatvereinyach.de\/startseite\/produkt\/das-schwarzwalddorf-yach-im-zweiten-weltkrieg\/\" \/>\n<meta property=\"og:locale\" content=\"de_DE\" \/>\n<meta property=\"og:type\" content=\"article\" \/>\n<meta property=\"og:title\" content=\"Das Schwarzwalddorf Yach im Zweiten Weltkrieg - Heimat- und Lanschaftspflegeverein Yach\" \/>\n<meta property=\"og:description\" content=\"Das Schwarzwalddorf Yach am Fu\u00dfe des Rohrhardsberges, das heute zur Stadt Elzach geh\u00f6rt, war nur f\u00fcr kurze Zeit Kriegsschauplatz und doch erheblich vom Zweiten Weltkrieg betroffen. Die Bev\u00f6lkerung musste zahlreiche gefallene oder vermisste Soldaten beklagen, die heimkehrenden hatten schwere Erlebnisse in Krieg und Gefangenschaft zu verarbeiten. In der Landwirtschaft und im Handwerk, in der Schule [&hellip;]\" \/>\n<meta property=\"og:url\" content=\"https:\/\/heimatvereinyach.de\/startseite\/produkt\/das-schwarzwalddorf-yach-im-zweiten-weltkrieg\/\" \/>\n<meta property=\"og:site_name\" content=\"Heimat- und Lanschaftspflegeverein Yach\" \/>\n<meta property=\"article:publisher\" content=\"https:\/\/www.facebook.com\/heimatvereinyach\" \/>\n<meta property=\"article:modified_time\" content=\"2023-05-04T16:07:40+00:00\" \/>\n<meta property=\"og:image\" content=\"https:\/\/heimatvereinyach.de\/wp-content\/uploads\/2022\/12\/Das-Schwarzwalddorf-Yach-im-Zweiten-Weltkrieg.jpg\" \/>\n\t<meta property=\"og:image:width\" content=\"155\" \/>\n\t<meta property=\"og:image:height\" content=\"255\" \/>\n\t<meta property=\"og:image:type\" content=\"image\/jpeg\" \/>\n<meta name=\"twitter:card\" content=\"summary_large_image\" \/>\n<meta name=\"twitter:label1\" content=\"Gesch\u00e4tzte Lesezeit\" \/>\n\t<meta name=\"twitter:data1\" content=\"2\u00a0Minuten\" \/>\n<script type=\"application\/ld+json\" class=\"yoast-schema-graph\">{\"@context\":\"https:\/\/schema.org\",\"@graph\":[{\"@type\":\"WebPage\",\"@id\":\"https:\/\/heimatvereinyach.de\/startseite\/produkt\/das-schwarzwalddorf-yach-im-zweiten-weltkrieg\/\",\"url\":\"https:\/\/heimatvereinyach.de\/startseite\/produkt\/das-schwarzwalddorf-yach-im-zweiten-weltkrieg\/\",\"name\":\"Das Schwarzwalddorf Yach im Zweiten Weltkrieg - Heimat- und Lanschaftspflegeverein Yach\",\"isPartOf\":{\"@id\":\"https:\/\/heimatvereinyach.de\/startseite\/#website\"},\"primaryImageOfPage\":{\"@id\":\"https:\/\/heimatvereinyach.de\/startseite\/produkt\/das-schwarzwalddorf-yach-im-zweiten-weltkrieg\/#primaryimage\"},\"image\":{\"@id\":\"https:\/\/heimatvereinyach.de\/startseite\/produkt\/das-schwarzwalddorf-yach-im-zweiten-weltkrieg\/#primaryimage\"},\"thumbnailUrl\":\"https:\/\/heimatvereinyach.de\/wp-content\/uploads\/2022\/12\/Das-Schwarzwalddorf-Yach-im-Zweiten-Weltkrieg.jpg\",\"datePublished\":\"2022-12-27T16:27:15+00:00\",\"dateModified\":\"2023-05-04T16:07:40+00:00\",\"breadcrumb\":{\"@id\":\"https:\/\/heimatvereinyach.de\/startseite\/produkt\/das-schwarzwalddorf-yach-im-zweiten-weltkrieg\/#breadcrumb\"},\"inLanguage\":\"de\",\"potentialAction\":[{\"@type\":\"ReadAction\",\"target\":[\"https:\/\/heimatvereinyach.de\/startseite\/produkt\/das-schwarzwalddorf-yach-im-zweiten-weltkrieg\/\"]}]},{\"@type\":\"ImageObject\",\"inLanguage\":\"de\",\"@id\":\"https:\/\/heimatvereinyach.de\/startseite\/produkt\/das-schwarzwalddorf-yach-im-zweiten-weltkrieg\/#primaryimage\",\"url\":\"https:\/\/heimatvereinyach.de\/wp-content\/uploads\/2022\/12\/Das-Schwarzwalddorf-Yach-im-Zweiten-Weltkrieg.jpg\",\"contentUrl\":\"https:\/\/heimatvereinyach.de\/wp-content\/uploads\/2022\/12\/Das-Schwarzwalddorf-Yach-im-Zweiten-Weltkrieg.jpg\",\"width\":155,\"height\":255},{\"@type\":\"BreadcrumbList\",\"@id\":\"https:\/\/heimatvereinyach.de\/startseite\/produkt\/das-schwarzwalddorf-yach-im-zweiten-weltkrieg\/#breadcrumb\",\"itemListElement\":[{\"@type\":\"ListItem\",\"position\":1,\"name\":\"Startseite\",\"item\":\"https:\/\/heimatvereinyach.de\/startseite\/\"},{\"@type\":\"ListItem\",\"position\":2,\"name\":\"Shop\",\"item\":\"https:\/\/heimatvereinyach.de\/startseite\/shop\/\"},{\"@type\":\"ListItem\",\"position\":3,\"name\":\"Das Schwarzwalddorf Yach im Zweiten Weltkrieg\"}]},{\"@type\":\"WebSite\",\"@id\":\"https:\/\/heimatvereinyach.de\/startseite\/#website\",\"url\":\"https:\/\/heimatvereinyach.de\/startseite\/\",\"name\":\"Heimat- und Lanschaftspflegeverein Yach\",\"description\":\"Die offizielle Homepage des HLP Yach e.V.\",\"publisher\":{\"@id\":\"https:\/\/heimatvereinyach.de\/startseite\/#organization\"},\"potentialAction\":[{\"@type\":\"SearchAction\",\"target\":{\"@type\":\"EntryPoint\",\"urlTemplate\":\"https:\/\/heimatvereinyach.de\/startseite\/?s={search_term_string}\"},\"query-input\":{\"@type\":\"PropertyValueSpecification\",\"valueRequired\":true,\"valueName\":\"search_term_string\"}}],\"inLanguage\":\"de\"},{\"@type\":\"Organization\",\"@id\":\"https:\/\/heimatvereinyach.de\/startseite\/#organization\",\"name\":\"Heimat- und Lanschaftspflegeverein Yach\",\"url\":\"https:\/\/heimatvereinyach.de\/startseite\/\",\"logo\":{\"@type\":\"ImageObject\",\"inLanguage\":\"de\",\"@id\":\"https:\/\/heimatvereinyach.de\/startseite\/#\/schema\/logo\/image\/\",\"url\":\"https:\/\/heimatvereinyach.de\/wp-content\/uploads\/2022\/03\/heimatverein_yach_logo1.jpg\",\"contentUrl\":\"https:\/\/heimatvereinyach.de\/wp-content\/uploads\/2022\/03\/heimatverein_yach_logo1.jpg\",\"width\":1245,\"height\":1151,\"caption\":\"Heimat- und Lanschaftspflegeverein Yach\"},\"image\":{\"@id\":\"https:\/\/heimatvereinyach.de\/startseite\/#\/schema\/logo\/image\/\"},\"sameAs\":[\"https:\/\/www.facebook.com\/heimatvereinyach\",\"https:\/\/www.instagram.com\/heimatverein_yach\/\"]}]}<\/script>\n<!-- \/ Yoast SEO plugin. -->","yoast_head_json":{"title":"Das Schwarzwalddorf Yach im Zweiten Weltkrieg - Heimat- und Lanschaftspflegeverein Yach","robots":{"index":"index","follow":"follow","max-snippet":"max-snippet:-1","max-image-preview":"max-image-preview:large","max-video-preview":"max-video-preview:-1"},"canonical":"https:\/\/heimatvereinyach.de\/startseite\/produkt\/das-schwarzwalddorf-yach-im-zweiten-weltkrieg\/","og_locale":"de_DE","og_type":"article","og_title":"Das Schwarzwalddorf Yach im Zweiten Weltkrieg - Heimat- und Lanschaftspflegeverein Yach","og_description":"Das Schwarzwalddorf Yach am Fu\u00dfe des Rohrhardsberges, das heute zur Stadt Elzach geh\u00f6rt, war nur f\u00fcr kurze Zeit Kriegsschauplatz und doch erheblich vom Zweiten Weltkrieg betroffen. Die Bev\u00f6lkerung musste zahlreiche gefallene oder vermisste Soldaten beklagen, die heimkehrenden hatten schwere Erlebnisse in Krieg und Gefangenschaft zu verarbeiten. In der Landwirtschaft und im Handwerk, in der Schule [&hellip;]","og_url":"https:\/\/heimatvereinyach.de\/startseite\/produkt\/das-schwarzwalddorf-yach-im-zweiten-weltkrieg\/","og_site_name":"Heimat- und Lanschaftspflegeverein Yach","article_publisher":"https:\/\/www.facebook.com\/heimatvereinyach","article_modified_time":"2023-05-04T16:07:40+00:00","og_image":[{"width":155,"height":255,"url":"https:\/\/heimatvereinyach.de\/wp-content\/uploads\/2022\/12\/Das-Schwarzwalddorf-Yach-im-Zweiten-Weltkrieg.jpg","type":"image\/jpeg"}],"twitter_card":"summary_large_image","twitter_misc":{"Gesch\u00e4tzte Lesezeit":"2\u00a0Minuten"},"schema":{"@context":"https:\/\/schema.org","@graph":[{"@type":"WebPage","@id":"https:\/\/heimatvereinyach.de\/startseite\/produkt\/das-schwarzwalddorf-yach-im-zweiten-weltkrieg\/","url":"https:\/\/heimatvereinyach.de\/startseite\/produkt\/das-schwarzwalddorf-yach-im-zweiten-weltkrieg\/","name":"Das Schwarzwalddorf Yach im Zweiten Weltkrieg - Heimat- und Lanschaftspflegeverein Yach","isPartOf":{"@id":"https:\/\/heimatvereinyach.de\/startseite\/#website"},"primaryImageOfPage":{"@id":"https:\/\/heimatvereinyach.de\/startseite\/produkt\/das-schwarzwalddorf-yach-im-zweiten-weltkrieg\/#primaryimage"},"image":{"@id":"https:\/\/heimatvereinyach.de\/startseite\/produkt\/das-schwarzwalddorf-yach-im-zweiten-weltkrieg\/#primaryimage"},"thumbnailUrl":"https:\/\/heimatvereinyach.de\/wp-content\/uploads\/2022\/12\/Das-Schwarzwalddorf-Yach-im-Zweiten-Weltkrieg.jpg","datePublished":"2022-12-27T16:27:15+00:00","dateModified":"2023-05-04T16:07:40+00:00","breadcrumb":{"@id":"https:\/\/heimatvereinyach.de\/startseite\/produkt\/das-schwarzwalddorf-yach-im-zweiten-weltkrieg\/#breadcrumb"},"inLanguage":"de","potentialAction":[{"@type":"ReadAction","target":["https:\/\/heimatvereinyach.de\/startseite\/produkt\/das-schwarzwalddorf-yach-im-zweiten-weltkrieg\/"]}]},{"@type":"ImageObject","inLanguage":"de","@id":"https:\/\/heimatvereinyach.de\/startseite\/produkt\/das-schwarzwalddorf-yach-im-zweiten-weltkrieg\/#primaryimage","url":"https:\/\/heimatvereinyach.de\/wp-content\/uploads\/2022\/12\/Das-Schwarzwalddorf-Yach-im-Zweiten-Weltkrieg.jpg","contentUrl":"https:\/\/heimatvereinyach.de\/wp-content\/uploads\/2022\/12\/Das-Schwarzwalddorf-Yach-im-Zweiten-Weltkrieg.jpg","width":155,"height":255},{"@type":"BreadcrumbList","@id":"https:\/\/heimatvereinyach.de\/startseite\/produkt\/das-schwarzwalddorf-yach-im-zweiten-weltkrieg\/#breadcrumb","itemListElement":[{"@type":"ListItem","position":1,"name":"Startseite","item":"https:\/\/heimatvereinyach.de\/startseite\/"},{"@type":"ListItem","position":2,"name":"Shop","item":"https:\/\/heimatvereinyach.de\/startseite\/shop\/"},{"@type":"ListItem","position":3,"name":"Das Schwarzwalddorf Yach im Zweiten Weltkrieg"}]},{"@type":"WebSite","@id":"https:\/\/heimatvereinyach.de\/startseite\/#website","url":"https:\/\/heimatvereinyach.de\/startseite\/","name":"Heimat- und Lanschaftspflegeverein Yach","description":"Die offizielle Homepage des HLP Yach e.V.","publisher":{"@id":"https:\/\/heimatvereinyach.de\/startseite\/#organization"},"potentialAction":[{"@type":"SearchAction","target":{"@type":"EntryPoint","urlTemplate":"https:\/\/heimatvereinyach.de\/startseite\/?s={search_term_string}"},"query-input":{"@type":"PropertyValueSpecification","valueRequired":true,"valueName":"search_term_string"}}],"inLanguage":"de"},{"@type":"Organization","@id":"https:\/\/heimatvereinyach.de\/startseite\/#organization","name":"Heimat- und Lanschaftspflegeverein Yach","url":"https:\/\/heimatvereinyach.de\/startseite\/","logo":{"@type":"ImageObject","inLanguage":"de","@id":"https:\/\/heimatvereinyach.de\/startseite\/#\/schema\/logo\/image\/","url":"https:\/\/heimatvereinyach.de\/wp-content\/uploads\/2022\/03\/heimatverein_yach_logo1.jpg","contentUrl":"https:\/\/heimatvereinyach.de\/wp-content\/uploads\/2022\/03\/heimatverein_yach_logo1.jpg","width":1245,"height":1151,"caption":"Heimat- und Lanschaftspflegeverein Yach"},"image":{"@id":"https:\/\/heimatvereinyach.de\/startseite\/#\/schema\/logo\/image\/"},"sameAs":["https:\/\/www.facebook.com\/heimatvereinyach","https:\/\/www.instagram.com\/heimatverein_yach\/"]}]}},"_links":{"self":[{"href":"https:\/\/heimatvereinyach.de\/startseite\/wp-json\/wp\/v2\/product\/146","targetHints":{"allow":["GET"]}}],"collection":[{"href":"https:\/\/heimatvereinyach.de\/startseite\/wp-json\/wp\/v2\/product"}],"about":[{"href":"https:\/\/heimatvereinyach.de\/startseite\/wp-json\/wp\/v2\/types\/product"}],"replies":[{"embeddable":true,"href":"https:\/\/heimatvereinyach.de\/startseite\/wp-json\/wp\/v2\/comments?post=146"}],"wp:featuredmedia":[{"embeddable":true,"href":"https:\/\/heimatvereinyach.de\/startseite\/wp-json\/wp\/v2\/media\/147"}],"wp:attachment":[{"href":"https:\/\/heimatvereinyach.de\/startseite\/wp-json\/wp\/v2\/media?parent=146"}],"wp:term":[{"taxonomy":"product_cat","embeddable":true,"href":"https:\/\/heimatvereinyach.de\/startseite\/wp-json\/wp\/v2\/product_cat?post=146"},{"taxonomy":"product_tag","embeddable":true,"href":"https:\/\/heimatvereinyach.de\/startseite\/wp-json\/wp\/v2\/product_tag?post=146"}],"curies":[{"name":"wp","href":"https:\/\/api.w.org\/{rel}","templated":true}]}}