{"id":142,"date":"2022-12-27T17:22:57","date_gmt":"2022-12-27T16:22:57","guid":{"rendered":"https:\/\/heimatvereinyach.de\/?post_type=product&#038;p=142"},"modified":"2023-05-04T17:29:12","modified_gmt":"2023-05-04T15:29:12","slug":"die-landschaft-am-rohrhardsberg-und-ihre-gestalter","status":"publish","type":"product","link":"https:\/\/heimatvereinyach.de\/startseite\/produkt\/die-landschaft-am-rohrhardsberg-und-ihre-gestalter\/","title":{"rendered":"Die Landschaft am Rohrhardsberg und ihre Gestalter"},"content":{"rendered":"<p>Mit diesem Buch soll die vielf\u00e4ltige, faszinierende Landschaft am Rohrhardsberg \u2013 ihre Vergangenheit, Gegenwart und m\u00f6gliche Zukunft \u2013 zusammen mit ihren Gestaltern in Text und Bild vorgestellt werden. Beschrieben werden die nat\u00fcrlichen Gegebenheiten, die verschiedenen Lebensr\u00e4ume und die Geschichte des Gebiets vom urspr\u00fcnglichen Wald zur Kulturlandschaft. Dabei werden die Folgen dieser Entwicklung f\u00fcr die Menschen, Tiere und Pflanzen sichtbar.\u00a0 Umgekehrt zeigt sich, wie die Menschen im Lauf der Zeit die Landschaft gestaltet haben \u2013 mit allen Ver\u00e4nderungen und Auswirkungen. Land- und Forstwirte schildern, welche Bedeutung die Landschaft, deren Pflege und der Naturschutz f\u00fcr sie haben und welche Probleme sie sehen. Konzeptionen, Pl\u00e4ne und Projekte, wie am Rohrhardsberg Mensch und Natur harmonieren k\u00f6nnen, werden ebenso er\u00f6rtert wie die T\u00e4tigkeit von Vereinen, Institutionen und Beh\u00f6rden.<br \/>\nDas Fazit: Die Landschaft am Rohrhardsberg soll dauerhaft eine Musterregion f\u00fcr Naturschutz und Biologische Vielfalt werden.<\/p>\n<p><em>Bernd-J\u00fcrgen Seitz und Heiko Haumann, Die Landschaft am Rohrhardsberg und ihre Gestalter.<br \/>\n144 S. mit 146, meist farbigen Abb., fester Einband im attrakt. quadrat. Format.<br \/>\nISBN 978-3-95505-198-3. <\/em><\/p>\n","protected":false},"excerpt":{"rendered":"<p>Mit diesem Buch soll die vielf\u00e4ltige, faszinierende Landschaft am Rohrhardsberg \u2013 ihre Vergangenheit, Gegenwart und m\u00f6gliche Zukunft \u2013 zusammen mit ihren Gestaltern in Text und Bild vorgestellt werden. Beschrieben werden die nat\u00fcrlichen Gegebenheiten, die verschiedenen Lebensr\u00e4ume und die Geschichte des Gebiets vom urspr\u00fcnglichen Wald zur Kulturlandschaft. Dabei werden die Folgen dieser Entwicklung f\u00fcr die Menschen, [&hellip;]<\/p>\n","protected":false},"featured_media":143,"comment_status":"open","ping_status":"closed","template":"","meta":{"_et_pb_use_builder":"","_et_pb_old_content":"","_et_gb_content_width":""},"product_cat":[21],"product_tag":[],"class_list":{"0":"post-142","1":"product","2":"type-product","3":"status-publish","4":"has-post-thumbnail","6":"product_cat-unkategorisiert","8":"first","9":"instock","10":"shipping-taxable","11":"purchasable","12":"product-type-simple"},"yoast_head":"<!-- This site is optimized with the Yoast SEO plugin v23.6 - https:\/\/yoast.com\/wordpress\/plugins\/seo\/ -->\n<title>Die Landschaft am Rohrhardsberg und ihre Gestalter - Heimat- und Lanschaftspflegeverein Yach<\/title>\n<meta name=\"robots\" content=\"index, follow, max-snippet:-1, max-image-preview:large, max-video-preview:-1\" \/>\n<link rel=\"canonical\" href=\"https:\/\/heimatvereinyach.de\/startseite\/produkt\/die-landschaft-am-rohrhardsberg-und-ihre-gestalter\/\" \/>\n<meta property=\"og:locale\" content=\"de_DE\" \/>\n<meta property=\"og:type\" content=\"article\" \/>\n<meta property=\"og:title\" content=\"Die Landschaft am Rohrhardsberg und ihre Gestalter - Heimat- und Lanschaftspflegeverein Yach\" \/>\n<meta property=\"og:description\" content=\"Mit diesem Buch soll die vielf\u00e4ltige, faszinierende Landschaft am Rohrhardsberg \u2013 ihre Vergangenheit, Gegenwart und m\u00f6gliche Zukunft \u2013 zusammen mit ihren Gestaltern in Text und Bild vorgestellt werden. Beschrieben werden die nat\u00fcrlichen Gegebenheiten, die verschiedenen Lebensr\u00e4ume und die Geschichte des Gebiets vom urspr\u00fcnglichen Wald zur Kulturlandschaft. Dabei werden die Folgen dieser Entwicklung f\u00fcr die Menschen, [&hellip;]\" \/>\n<meta property=\"og:url\" content=\"https:\/\/heimatvereinyach.de\/startseite\/produkt\/die-landschaft-am-rohrhardsberg-und-ihre-gestalter\/\" \/>\n<meta property=\"og:site_name\" content=\"Heimat- und Lanschaftspflegeverein Yach\" \/>\n<meta property=\"article:publisher\" content=\"https:\/\/www.facebook.com\/heimatvereinyach\" \/>\n<meta property=\"article:modified_time\" content=\"2023-05-04T15:29:12+00:00\" \/>\n<meta property=\"og:image\" content=\"https:\/\/heimatvereinyach.de\/wp-content\/uploads\/2022\/12\/Die-Landschaft-am-Rohrhardsberg-und-ihre-Gestalter.jpg\" \/>\n\t<meta property=\"og:image:width\" content=\"256\" \/>\n\t<meta property=\"og:image:height\" content=\"255\" \/>\n\t<meta property=\"og:image:type\" content=\"image\/jpeg\" \/>\n<meta name=\"twitter:card\" content=\"summary_large_image\" \/>\n<meta name=\"twitter:label1\" content=\"Gesch\u00e4tzte Lesezeit\" \/>\n\t<meta name=\"twitter:data1\" content=\"1\u00a0Minute\" \/>\n<script type=\"application\/ld+json\" class=\"yoast-schema-graph\">{\"@context\":\"https:\/\/schema.org\",\"@graph\":[{\"@type\":\"WebPage\",\"@id\":\"https:\/\/heimatvereinyach.de\/startseite\/produkt\/die-landschaft-am-rohrhardsberg-und-ihre-gestalter\/\",\"url\":\"https:\/\/heimatvereinyach.de\/startseite\/produkt\/die-landschaft-am-rohrhardsberg-und-ihre-gestalter\/\",\"name\":\"Die Landschaft am Rohrhardsberg und ihre Gestalter - Heimat- und Lanschaftspflegeverein Yach\",\"isPartOf\":{\"@id\":\"https:\/\/heimatvereinyach.de\/startseite\/#website\"},\"primaryImageOfPage\":{\"@id\":\"https:\/\/heimatvereinyach.de\/startseite\/produkt\/die-landschaft-am-rohrhardsberg-und-ihre-gestalter\/#primaryimage\"},\"image\":{\"@id\":\"https:\/\/heimatvereinyach.de\/startseite\/produkt\/die-landschaft-am-rohrhardsberg-und-ihre-gestalter\/#primaryimage\"},\"thumbnailUrl\":\"https:\/\/heimatvereinyach.de\/wp-content\/uploads\/2022\/12\/Die-Landschaft-am-Rohrhardsberg-und-ihre-Gestalter.jpg\",\"datePublished\":\"2022-12-27T16:22:57+00:00\",\"dateModified\":\"2023-05-04T15:29:12+00:00\",\"breadcrumb\":{\"@id\":\"https:\/\/heimatvereinyach.de\/startseite\/produkt\/die-landschaft-am-rohrhardsberg-und-ihre-gestalter\/#breadcrumb\"},\"inLanguage\":\"de\",\"potentialAction\":[{\"@type\":\"ReadAction\",\"target\":[\"https:\/\/heimatvereinyach.de\/startseite\/produkt\/die-landschaft-am-rohrhardsberg-und-ihre-gestalter\/\"]}]},{\"@type\":\"ImageObject\",\"inLanguage\":\"de\",\"@id\":\"https:\/\/heimatvereinyach.de\/startseite\/produkt\/die-landschaft-am-rohrhardsberg-und-ihre-gestalter\/#primaryimage\",\"url\":\"https:\/\/heimatvereinyach.de\/wp-content\/uploads\/2022\/12\/Die-Landschaft-am-Rohrhardsberg-und-ihre-Gestalter.jpg\",\"contentUrl\":\"https:\/\/heimatvereinyach.de\/wp-content\/uploads\/2022\/12\/Die-Landschaft-am-Rohrhardsberg-und-ihre-Gestalter.jpg\",\"width\":256,\"height\":255},{\"@type\":\"BreadcrumbList\",\"@id\":\"https:\/\/heimatvereinyach.de\/startseite\/produkt\/die-landschaft-am-rohrhardsberg-und-ihre-gestalter\/#breadcrumb\",\"itemListElement\":[{\"@type\":\"ListItem\",\"position\":1,\"name\":\"Startseite\",\"item\":\"https:\/\/heimatvereinyach.de\/startseite\/\"},{\"@type\":\"ListItem\",\"position\":2,\"name\":\"Shop\",\"item\":\"https:\/\/heimatvereinyach.de\/startseite\/shop\/\"},{\"@type\":\"ListItem\",\"position\":3,\"name\":\"Die Landschaft am Rohrhardsberg und ihre Gestalter\"}]},{\"@type\":\"WebSite\",\"@id\":\"https:\/\/heimatvereinyach.de\/startseite\/#website\",\"url\":\"https:\/\/heimatvereinyach.de\/startseite\/\",\"name\":\"Heimat- und Lanschaftspflegeverein Yach\",\"description\":\"Die offizielle Homepage des HLP Yach e.V.\",\"publisher\":{\"@id\":\"https:\/\/heimatvereinyach.de\/startseite\/#organization\"},\"potentialAction\":[{\"@type\":\"SearchAction\",\"target\":{\"@type\":\"EntryPoint\",\"urlTemplate\":\"https:\/\/heimatvereinyach.de\/startseite\/?s={search_term_string}\"},\"query-input\":{\"@type\":\"PropertyValueSpecification\",\"valueRequired\":true,\"valueName\":\"search_term_string\"}}],\"inLanguage\":\"de\"},{\"@type\":\"Organization\",\"@id\":\"https:\/\/heimatvereinyach.de\/startseite\/#organization\",\"name\":\"Heimat- und Lanschaftspflegeverein Yach\",\"url\":\"https:\/\/heimatvereinyach.de\/startseite\/\",\"logo\":{\"@type\":\"ImageObject\",\"inLanguage\":\"de\",\"@id\":\"https:\/\/heimatvereinyach.de\/startseite\/#\/schema\/logo\/image\/\",\"url\":\"https:\/\/heimatvereinyach.de\/wp-content\/uploads\/2022\/03\/heimatverein_yach_logo1.jpg\",\"contentUrl\":\"https:\/\/heimatvereinyach.de\/wp-content\/uploads\/2022\/03\/heimatverein_yach_logo1.jpg\",\"width\":1245,\"height\":1151,\"caption\":\"Heimat- und Lanschaftspflegeverein Yach\"},\"image\":{\"@id\":\"https:\/\/heimatvereinyach.de\/startseite\/#\/schema\/logo\/image\/\"},\"sameAs\":[\"https:\/\/www.facebook.com\/heimatvereinyach\",\"https:\/\/www.instagram.com\/heimatverein_yach\/\"]}]}<\/script>\n<!-- \/ Yoast SEO plugin. -->","yoast_head_json":{"title":"Die Landschaft am Rohrhardsberg und ihre Gestalter - Heimat- und Lanschaftspflegeverein Yach","robots":{"index":"index","follow":"follow","max-snippet":"max-snippet:-1","max-image-preview":"max-image-preview:large","max-video-preview":"max-video-preview:-1"},"canonical":"https:\/\/heimatvereinyach.de\/startseite\/produkt\/die-landschaft-am-rohrhardsberg-und-ihre-gestalter\/","og_locale":"de_DE","og_type":"article","og_title":"Die Landschaft am Rohrhardsberg und ihre Gestalter - Heimat- und Lanschaftspflegeverein Yach","og_description":"Mit diesem Buch soll die vielf\u00e4ltige, faszinierende Landschaft am Rohrhardsberg \u2013 ihre Vergangenheit, Gegenwart und m\u00f6gliche Zukunft \u2013 zusammen mit ihren Gestaltern in Text und Bild vorgestellt werden. Beschrieben werden die nat\u00fcrlichen Gegebenheiten, die verschiedenen Lebensr\u00e4ume und die Geschichte des Gebiets vom urspr\u00fcnglichen Wald zur Kulturlandschaft. Dabei werden die Folgen dieser Entwicklung f\u00fcr die Menschen, [&hellip;]","og_url":"https:\/\/heimatvereinyach.de\/startseite\/produkt\/die-landschaft-am-rohrhardsberg-und-ihre-gestalter\/","og_site_name":"Heimat- und Lanschaftspflegeverein Yach","article_publisher":"https:\/\/www.facebook.com\/heimatvereinyach","article_modified_time":"2023-05-04T15:29:12+00:00","og_image":[{"width":256,"height":255,"url":"https:\/\/heimatvereinyach.de\/wp-content\/uploads\/2022\/12\/Die-Landschaft-am-Rohrhardsberg-und-ihre-Gestalter.jpg","type":"image\/jpeg"}],"twitter_card":"summary_large_image","twitter_misc":{"Gesch\u00e4tzte Lesezeit":"1\u00a0Minute"},"schema":{"@context":"https:\/\/schema.org","@graph":[{"@type":"WebPage","@id":"https:\/\/heimatvereinyach.de\/startseite\/produkt\/die-landschaft-am-rohrhardsberg-und-ihre-gestalter\/","url":"https:\/\/heimatvereinyach.de\/startseite\/produkt\/die-landschaft-am-rohrhardsberg-und-ihre-gestalter\/","name":"Die Landschaft am Rohrhardsberg und ihre Gestalter - Heimat- und Lanschaftspflegeverein Yach","isPartOf":{"@id":"https:\/\/heimatvereinyach.de\/startseite\/#website"},"primaryImageOfPage":{"@id":"https:\/\/heimatvereinyach.de\/startseite\/produkt\/die-landschaft-am-rohrhardsberg-und-ihre-gestalter\/#primaryimage"},"image":{"@id":"https:\/\/heimatvereinyach.de\/startseite\/produkt\/die-landschaft-am-rohrhardsberg-und-ihre-gestalter\/#primaryimage"},"thumbnailUrl":"https:\/\/heimatvereinyach.de\/wp-content\/uploads\/2022\/12\/Die-Landschaft-am-Rohrhardsberg-und-ihre-Gestalter.jpg","datePublished":"2022-12-27T16:22:57+00:00","dateModified":"2023-05-04T15:29:12+00:00","breadcrumb":{"@id":"https:\/\/heimatvereinyach.de\/startseite\/produkt\/die-landschaft-am-rohrhardsberg-und-ihre-gestalter\/#breadcrumb"},"inLanguage":"de","potentialAction":[{"@type":"ReadAction","target":["https:\/\/heimatvereinyach.de\/startseite\/produkt\/die-landschaft-am-rohrhardsberg-und-ihre-gestalter\/"]}]},{"@type":"ImageObject","inLanguage":"de","@id":"https:\/\/heimatvereinyach.de\/startseite\/produkt\/die-landschaft-am-rohrhardsberg-und-ihre-gestalter\/#primaryimage","url":"https:\/\/heimatvereinyach.de\/wp-content\/uploads\/2022\/12\/Die-Landschaft-am-Rohrhardsberg-und-ihre-Gestalter.jpg","contentUrl":"https:\/\/heimatvereinyach.de\/wp-content\/uploads\/2022\/12\/Die-Landschaft-am-Rohrhardsberg-und-ihre-Gestalter.jpg","width":256,"height":255},{"@type":"BreadcrumbList","@id":"https:\/\/heimatvereinyach.de\/startseite\/produkt\/die-landschaft-am-rohrhardsberg-und-ihre-gestalter\/#breadcrumb","itemListElement":[{"@type":"ListItem","position":1,"name":"Startseite","item":"https:\/\/heimatvereinyach.de\/startseite\/"},{"@type":"ListItem","position":2,"name":"Shop","item":"https:\/\/heimatvereinyach.de\/startseite\/shop\/"},{"@type":"ListItem","position":3,"name":"Die Landschaft am Rohrhardsberg und ihre Gestalter"}]},{"@type":"WebSite","@id":"https:\/\/heimatvereinyach.de\/startseite\/#website","url":"https:\/\/heimatvereinyach.de\/startseite\/","name":"Heimat- und Lanschaftspflegeverein Yach","description":"Die offizielle Homepage des HLP Yach e.V.","publisher":{"@id":"https:\/\/heimatvereinyach.de\/startseite\/#organization"},"potentialAction":[{"@type":"SearchAction","target":{"@type":"EntryPoint","urlTemplate":"https:\/\/heimatvereinyach.de\/startseite\/?s={search_term_string}"},"query-input":{"@type":"PropertyValueSpecification","valueRequired":true,"valueName":"search_term_string"}}],"inLanguage":"de"},{"@type":"Organization","@id":"https:\/\/heimatvereinyach.de\/startseite\/#organization","name":"Heimat- und Lanschaftspflegeverein Yach","url":"https:\/\/heimatvereinyach.de\/startseite\/","logo":{"@type":"ImageObject","inLanguage":"de","@id":"https:\/\/heimatvereinyach.de\/startseite\/#\/schema\/logo\/image\/","url":"https:\/\/heimatvereinyach.de\/wp-content\/uploads\/2022\/03\/heimatverein_yach_logo1.jpg","contentUrl":"https:\/\/heimatvereinyach.de\/wp-content\/uploads\/2022\/03\/heimatverein_yach_logo1.jpg","width":1245,"height":1151,"caption":"Heimat- und Lanschaftspflegeverein Yach"},"image":{"@id":"https:\/\/heimatvereinyach.de\/startseite\/#\/schema\/logo\/image\/"},"sameAs":["https:\/\/www.facebook.com\/heimatvereinyach","https:\/\/www.instagram.com\/heimatverein_yach\/"]}]}},"_links":{"self":[{"href":"https:\/\/heimatvereinyach.de\/startseite\/wp-json\/wp\/v2\/product\/142","targetHints":{"allow":["GET"]}}],"collection":[{"href":"https:\/\/heimatvereinyach.de\/startseite\/wp-json\/wp\/v2\/product"}],"about":[{"href":"https:\/\/heimatvereinyach.de\/startseite\/wp-json\/wp\/v2\/types\/product"}],"replies":[{"embeddable":true,"href":"https:\/\/heimatvereinyach.de\/startseite\/wp-json\/wp\/v2\/comments?post=142"}],"wp:featuredmedia":[{"embeddable":true,"href":"https:\/\/heimatvereinyach.de\/startseite\/wp-json\/wp\/v2\/media\/143"}],"wp:attachment":[{"href":"https:\/\/heimatvereinyach.de\/startseite\/wp-json\/wp\/v2\/media?parent=142"}],"wp:term":[{"taxonomy":"product_cat","embeddable":true,"href":"https:\/\/heimatvereinyach.de\/startseite\/wp-json\/wp\/v2\/product_cat?post=142"},{"taxonomy":"product_tag","embeddable":true,"href":"https:\/\/heimatvereinyach.de\/startseite\/wp-json\/wp\/v2\/product_tag?post=142"}],"curies":[{"name":"wp","href":"https:\/\/api.w.org\/{rel}","templated":true}]}}