{"id":140,"date":"2022-12-27T17:21:31","date_gmt":"2022-12-27T16:21:31","guid":{"rendered":"https:\/\/heimatvereinyach.de\/?post_type=product&#038;p=140"},"modified":"2023-05-04T17:29:12","modified_gmt":"2023-05-04T15:29:12","slug":"volkstrachten-in-yach-und-im-elztal","status":"publish","type":"product","link":"https:\/\/heimatvereinyach.de\/startseite\/produkt\/volkstrachten-in-yach-und-im-elztal\/","title":{"rendered":"Volkstrachten in Yach und im Elztal"},"content":{"rendered":"<p>Trachten haben \u00fcber Jahrhunderte das Bild der l\u00e4ndlichen Bev\u00f6lkerung gepr\u00e4gt. In dieser Schrift geht es darum, die Entstehung und Entwicklung der Yacher und Elzt\u00e4ler Tracht nachzuzeichnen und dabei den Zusammen hang mit Umbr\u00fcchen in der l\u00e4ndlichen Gesellschaft aufzuzeigen. Es soll deutlich werden, was die Tracht f\u00fcr die Menschen bedeutet hat. Sie l\u00e4sst Zugeh\u00f6rigkeit erkennen, aber auch Verschiedenheit. Tracht ist ein Zeichen.<br \/>\nThematisiert werden weiter die verschiedenen Formen der Trachten, deren Herstellung und die Arbeit der N\u00e4herinnen, die Unterschiede der Trachten innerhalb des Elztals und im Vergleich mit den Nachbargemeinden, Kontroversen um die Bewahrung von Trachten, die Rolle von Trachten vereinen und Festen, die \u201eIdee\u201c der Tracht und deren politische Nutzung als Mittel zum Zweck, der Niedergang der Tracht, ihre Verwendung in der Werbung und ihre Bedeutung in der Gegenwart.<br \/>\nIm Vordergrund stehen die Verh\u00e4ltnisse in Yach und im oberen Elztal. Biederbach und das Simonsw\u00e4ldertal sind selbstverst\u00e4ndlich einbezogen. Dar\u00fcber hinaus werden immer wieder Beziehungen in das untere Elztal, nach Waldkirch oder auch in das Glottertal aufgegriffen. Allgemeine Entwicklungen werden behandelt, wenn sie f\u00fcr das Elztal wesentlich waren.<\/p>\n<p><em>Hrsg. vom Heimat- und Landschaftspflegeverein Yach.<br \/>\n152 Seiten mit 188 z.T. farbigen Abbildungen, Broschur<br \/>\nISBN 978-3-89735-828-7. <\/em><\/p>\n","protected":false},"excerpt":{"rendered":"<p>Trachten haben \u00fcber Jahrhunderte das Bild der l\u00e4ndlichen Bev\u00f6lkerung gepr\u00e4gt. In dieser Schrift geht es darum, die Entstehung und Entwicklung der Yacher und Elzt\u00e4ler Tracht nachzuzeichnen und dabei den Zusammen hang mit Umbr\u00fcchen in der l\u00e4ndlichen Gesellschaft aufzuzeigen. Es soll deutlich werden, was die Tracht f\u00fcr die Menschen bedeutet hat. Sie l\u00e4sst Zugeh\u00f6rigkeit erkennen, aber [&hellip;]<\/p>\n","protected":false},"featured_media":141,"comment_status":"open","ping_status":"closed","template":"","meta":{"_et_pb_use_builder":"","_et_pb_old_content":"","_et_gb_content_width":""},"product_cat":[21],"product_tag":[],"class_list":{"0":"post-140","1":"product","2":"type-product","3":"status-publish","4":"has-post-thumbnail","6":"product_cat-unkategorisiert","8":"first","9":"instock","10":"shipping-taxable","11":"purchasable","12":"product-type-simple"},"yoast_head":"<!-- This site is optimized with the Yoast SEO plugin v23.6 - https:\/\/yoast.com\/wordpress\/plugins\/seo\/ -->\n<title>Volkstrachten in Yach und im Elztal - Heimat- und Lanschaftspflegeverein Yach<\/title>\n<meta name=\"robots\" content=\"index, follow, max-snippet:-1, max-image-preview:large, max-video-preview:-1\" \/>\n<link rel=\"canonical\" href=\"https:\/\/heimatvereinyach.de\/startseite\/produkt\/volkstrachten-in-yach-und-im-elztal\/\" \/>\n<meta property=\"og:locale\" content=\"de_DE\" \/>\n<meta property=\"og:type\" content=\"article\" \/>\n<meta property=\"og:title\" content=\"Volkstrachten in Yach und im Elztal - Heimat- und Lanschaftspflegeverein Yach\" \/>\n<meta property=\"og:description\" content=\"Trachten haben \u00fcber Jahrhunderte das Bild der l\u00e4ndlichen Bev\u00f6lkerung gepr\u00e4gt. In dieser Schrift geht es darum, die Entstehung und Entwicklung der Yacher und Elzt\u00e4ler Tracht nachzuzeichnen und dabei den Zusammen hang mit Umbr\u00fcchen in der l\u00e4ndlichen Gesellschaft aufzuzeigen. Es soll deutlich werden, was die Tracht f\u00fcr die Menschen bedeutet hat. Sie l\u00e4sst Zugeh\u00f6rigkeit erkennen, aber [&hellip;]\" \/>\n<meta property=\"og:url\" content=\"https:\/\/heimatvereinyach.de\/startseite\/produkt\/volkstrachten-in-yach-und-im-elztal\/\" \/>\n<meta property=\"og:site_name\" content=\"Heimat- und Lanschaftspflegeverein Yach\" \/>\n<meta property=\"article:publisher\" content=\"https:\/\/www.facebook.com\/heimatvereinyach\" \/>\n<meta property=\"article:modified_time\" content=\"2023-05-04T15:29:12+00:00\" \/>\n<meta property=\"og:image\" content=\"https:\/\/heimatvereinyach.de\/wp-content\/uploads\/2022\/12\/Volkstrachten-in-Yach-und-im-Elztal.jpg\" \/>\n\t<meta property=\"og:image:width\" content=\"179\" \/>\n\t<meta property=\"og:image:height\" content=\"255\" \/>\n\t<meta property=\"og:image:type\" content=\"image\/jpeg\" \/>\n<meta name=\"twitter:card\" content=\"summary_large_image\" \/>\n<meta name=\"twitter:label1\" content=\"Gesch\u00e4tzte Lesezeit\" \/>\n\t<meta name=\"twitter:data1\" content=\"2\u00a0Minuten\" \/>\n<script type=\"application\/ld+json\" class=\"yoast-schema-graph\">{\"@context\":\"https:\/\/schema.org\",\"@graph\":[{\"@type\":\"WebPage\",\"@id\":\"https:\/\/heimatvereinyach.de\/startseite\/produkt\/volkstrachten-in-yach-und-im-elztal\/\",\"url\":\"https:\/\/heimatvereinyach.de\/startseite\/produkt\/volkstrachten-in-yach-und-im-elztal\/\",\"name\":\"Volkstrachten in Yach und im Elztal - Heimat- und Lanschaftspflegeverein Yach\",\"isPartOf\":{\"@id\":\"https:\/\/heimatvereinyach.de\/startseite\/#website\"},\"primaryImageOfPage\":{\"@id\":\"https:\/\/heimatvereinyach.de\/startseite\/produkt\/volkstrachten-in-yach-und-im-elztal\/#primaryimage\"},\"image\":{\"@id\":\"https:\/\/heimatvereinyach.de\/startseite\/produkt\/volkstrachten-in-yach-und-im-elztal\/#primaryimage\"},\"thumbnailUrl\":\"https:\/\/heimatvereinyach.de\/wp-content\/uploads\/2022\/12\/Volkstrachten-in-Yach-und-im-Elztal.jpg\",\"datePublished\":\"2022-12-27T16:21:31+00:00\",\"dateModified\":\"2023-05-04T15:29:12+00:00\",\"breadcrumb\":{\"@id\":\"https:\/\/heimatvereinyach.de\/startseite\/produkt\/volkstrachten-in-yach-und-im-elztal\/#breadcrumb\"},\"inLanguage\":\"de\",\"potentialAction\":[{\"@type\":\"ReadAction\",\"target\":[\"https:\/\/heimatvereinyach.de\/startseite\/produkt\/volkstrachten-in-yach-und-im-elztal\/\"]}]},{\"@type\":\"ImageObject\",\"inLanguage\":\"de\",\"@id\":\"https:\/\/heimatvereinyach.de\/startseite\/produkt\/volkstrachten-in-yach-und-im-elztal\/#primaryimage\",\"url\":\"https:\/\/heimatvereinyach.de\/wp-content\/uploads\/2022\/12\/Volkstrachten-in-Yach-und-im-Elztal.jpg\",\"contentUrl\":\"https:\/\/heimatvereinyach.de\/wp-content\/uploads\/2022\/12\/Volkstrachten-in-Yach-und-im-Elztal.jpg\",\"width\":179,\"height\":255},{\"@type\":\"BreadcrumbList\",\"@id\":\"https:\/\/heimatvereinyach.de\/startseite\/produkt\/volkstrachten-in-yach-und-im-elztal\/#breadcrumb\",\"itemListElement\":[{\"@type\":\"ListItem\",\"position\":1,\"name\":\"Startseite\",\"item\":\"https:\/\/heimatvereinyach.de\/startseite\/\"},{\"@type\":\"ListItem\",\"position\":2,\"name\":\"Shop\",\"item\":\"https:\/\/heimatvereinyach.de\/startseite\/shop\/\"},{\"@type\":\"ListItem\",\"position\":3,\"name\":\"Volkstrachten in Yach und im Elztal\"}]},{\"@type\":\"WebSite\",\"@id\":\"https:\/\/heimatvereinyach.de\/startseite\/#website\",\"url\":\"https:\/\/heimatvereinyach.de\/startseite\/\",\"name\":\"Heimat- und Lanschaftspflegeverein Yach\",\"description\":\"Die offizielle Homepage des HLP Yach e.V.\",\"publisher\":{\"@id\":\"https:\/\/heimatvereinyach.de\/startseite\/#organization\"},\"potentialAction\":[{\"@type\":\"SearchAction\",\"target\":{\"@type\":\"EntryPoint\",\"urlTemplate\":\"https:\/\/heimatvereinyach.de\/startseite\/?s={search_term_string}\"},\"query-input\":{\"@type\":\"PropertyValueSpecification\",\"valueRequired\":true,\"valueName\":\"search_term_string\"}}],\"inLanguage\":\"de\"},{\"@type\":\"Organization\",\"@id\":\"https:\/\/heimatvereinyach.de\/startseite\/#organization\",\"name\":\"Heimat- und Lanschaftspflegeverein Yach\",\"url\":\"https:\/\/heimatvereinyach.de\/startseite\/\",\"logo\":{\"@type\":\"ImageObject\",\"inLanguage\":\"de\",\"@id\":\"https:\/\/heimatvereinyach.de\/startseite\/#\/schema\/logo\/image\/\",\"url\":\"https:\/\/heimatvereinyach.de\/wp-content\/uploads\/2022\/03\/heimatverein_yach_logo1.jpg\",\"contentUrl\":\"https:\/\/heimatvereinyach.de\/wp-content\/uploads\/2022\/03\/heimatverein_yach_logo1.jpg\",\"width\":1245,\"height\":1151,\"caption\":\"Heimat- und Lanschaftspflegeverein Yach\"},\"image\":{\"@id\":\"https:\/\/heimatvereinyach.de\/startseite\/#\/schema\/logo\/image\/\"},\"sameAs\":[\"https:\/\/www.facebook.com\/heimatvereinyach\",\"https:\/\/www.instagram.com\/heimatverein_yach\/\"]}]}<\/script>\n<!-- \/ Yoast SEO plugin. -->","yoast_head_json":{"title":"Volkstrachten in Yach und im Elztal - Heimat- und Lanschaftspflegeverein Yach","robots":{"index":"index","follow":"follow","max-snippet":"max-snippet:-1","max-image-preview":"max-image-preview:large","max-video-preview":"max-video-preview:-1"},"canonical":"https:\/\/heimatvereinyach.de\/startseite\/produkt\/volkstrachten-in-yach-und-im-elztal\/","og_locale":"de_DE","og_type":"article","og_title":"Volkstrachten in Yach und im Elztal - Heimat- und Lanschaftspflegeverein Yach","og_description":"Trachten haben \u00fcber Jahrhunderte das Bild der l\u00e4ndlichen Bev\u00f6lkerung gepr\u00e4gt. In dieser Schrift geht es darum, die Entstehung und Entwicklung der Yacher und Elzt\u00e4ler Tracht nachzuzeichnen und dabei den Zusammen hang mit Umbr\u00fcchen in der l\u00e4ndlichen Gesellschaft aufzuzeigen. Es soll deutlich werden, was die Tracht f\u00fcr die Menschen bedeutet hat. Sie l\u00e4sst Zugeh\u00f6rigkeit erkennen, aber [&hellip;]","og_url":"https:\/\/heimatvereinyach.de\/startseite\/produkt\/volkstrachten-in-yach-und-im-elztal\/","og_site_name":"Heimat- und Lanschaftspflegeverein Yach","article_publisher":"https:\/\/www.facebook.com\/heimatvereinyach","article_modified_time":"2023-05-04T15:29:12+00:00","og_image":[{"width":179,"height":255,"url":"https:\/\/heimatvereinyach.de\/wp-content\/uploads\/2022\/12\/Volkstrachten-in-Yach-und-im-Elztal.jpg","type":"image\/jpeg"}],"twitter_card":"summary_large_image","twitter_misc":{"Gesch\u00e4tzte Lesezeit":"2\u00a0Minuten"},"schema":{"@context":"https:\/\/schema.org","@graph":[{"@type":"WebPage","@id":"https:\/\/heimatvereinyach.de\/startseite\/produkt\/volkstrachten-in-yach-und-im-elztal\/","url":"https:\/\/heimatvereinyach.de\/startseite\/produkt\/volkstrachten-in-yach-und-im-elztal\/","name":"Volkstrachten in Yach und im Elztal - Heimat- und Lanschaftspflegeverein Yach","isPartOf":{"@id":"https:\/\/heimatvereinyach.de\/startseite\/#website"},"primaryImageOfPage":{"@id":"https:\/\/heimatvereinyach.de\/startseite\/produkt\/volkstrachten-in-yach-und-im-elztal\/#primaryimage"},"image":{"@id":"https:\/\/heimatvereinyach.de\/startseite\/produkt\/volkstrachten-in-yach-und-im-elztal\/#primaryimage"},"thumbnailUrl":"https:\/\/heimatvereinyach.de\/wp-content\/uploads\/2022\/12\/Volkstrachten-in-Yach-und-im-Elztal.jpg","datePublished":"2022-12-27T16:21:31+00:00","dateModified":"2023-05-04T15:29:12+00:00","breadcrumb":{"@id":"https:\/\/heimatvereinyach.de\/startseite\/produkt\/volkstrachten-in-yach-und-im-elztal\/#breadcrumb"},"inLanguage":"de","potentialAction":[{"@type":"ReadAction","target":["https:\/\/heimatvereinyach.de\/startseite\/produkt\/volkstrachten-in-yach-und-im-elztal\/"]}]},{"@type":"ImageObject","inLanguage":"de","@id":"https:\/\/heimatvereinyach.de\/startseite\/produkt\/volkstrachten-in-yach-und-im-elztal\/#primaryimage","url":"https:\/\/heimatvereinyach.de\/wp-content\/uploads\/2022\/12\/Volkstrachten-in-Yach-und-im-Elztal.jpg","contentUrl":"https:\/\/heimatvereinyach.de\/wp-content\/uploads\/2022\/12\/Volkstrachten-in-Yach-und-im-Elztal.jpg","width":179,"height":255},{"@type":"BreadcrumbList","@id":"https:\/\/heimatvereinyach.de\/startseite\/produkt\/volkstrachten-in-yach-und-im-elztal\/#breadcrumb","itemListElement":[{"@type":"ListItem","position":1,"name":"Startseite","item":"https:\/\/heimatvereinyach.de\/startseite\/"},{"@type":"ListItem","position":2,"name":"Shop","item":"https:\/\/heimatvereinyach.de\/startseite\/shop\/"},{"@type":"ListItem","position":3,"name":"Volkstrachten in Yach und im Elztal"}]},{"@type":"WebSite","@id":"https:\/\/heimatvereinyach.de\/startseite\/#website","url":"https:\/\/heimatvereinyach.de\/startseite\/","name":"Heimat- und Lanschaftspflegeverein Yach","description":"Die offizielle Homepage des HLP Yach e.V.","publisher":{"@id":"https:\/\/heimatvereinyach.de\/startseite\/#organization"},"potentialAction":[{"@type":"SearchAction","target":{"@type":"EntryPoint","urlTemplate":"https:\/\/heimatvereinyach.de\/startseite\/?s={search_term_string}"},"query-input":{"@type":"PropertyValueSpecification","valueRequired":true,"valueName":"search_term_string"}}],"inLanguage":"de"},{"@type":"Organization","@id":"https:\/\/heimatvereinyach.de\/startseite\/#organization","name":"Heimat- und Lanschaftspflegeverein Yach","url":"https:\/\/heimatvereinyach.de\/startseite\/","logo":{"@type":"ImageObject","inLanguage":"de","@id":"https:\/\/heimatvereinyach.de\/startseite\/#\/schema\/logo\/image\/","url":"https:\/\/heimatvereinyach.de\/wp-content\/uploads\/2022\/03\/heimatverein_yach_logo1.jpg","contentUrl":"https:\/\/heimatvereinyach.de\/wp-content\/uploads\/2022\/03\/heimatverein_yach_logo1.jpg","width":1245,"height":1151,"caption":"Heimat- und Lanschaftspflegeverein Yach"},"image":{"@id":"https:\/\/heimatvereinyach.de\/startseite\/#\/schema\/logo\/image\/"},"sameAs":["https:\/\/www.facebook.com\/heimatvereinyach","https:\/\/www.instagram.com\/heimatverein_yach\/"]}]}},"_links":{"self":[{"href":"https:\/\/heimatvereinyach.de\/startseite\/wp-json\/wp\/v2\/product\/140","targetHints":{"allow":["GET"]}}],"collection":[{"href":"https:\/\/heimatvereinyach.de\/startseite\/wp-json\/wp\/v2\/product"}],"about":[{"href":"https:\/\/heimatvereinyach.de\/startseite\/wp-json\/wp\/v2\/types\/product"}],"replies":[{"embeddable":true,"href":"https:\/\/heimatvereinyach.de\/startseite\/wp-json\/wp\/v2\/comments?post=140"}],"wp:featuredmedia":[{"embeddable":true,"href":"https:\/\/heimatvereinyach.de\/startseite\/wp-json\/wp\/v2\/media\/141"}],"wp:attachment":[{"href":"https:\/\/heimatvereinyach.de\/startseite\/wp-json\/wp\/v2\/media?parent=140"}],"wp:term":[{"taxonomy":"product_cat","embeddable":true,"href":"https:\/\/heimatvereinyach.de\/startseite\/wp-json\/wp\/v2\/product_cat?post=140"},{"taxonomy":"product_tag","embeddable":true,"href":"https:\/\/heimatvereinyach.de\/startseite\/wp-json\/wp\/v2\/product_tag?post=140"}],"curies":[{"name":"wp","href":"https:\/\/api.w.org\/{rel}","templated":true}]}}