{"id":138,"date":"2022-12-27T17:19:07","date_gmt":"2022-12-27T16:19:07","guid":{"rendered":"https:\/\/heimatvereinyach.de\/?post_type=product&#038;p=138"},"modified":"2023-05-04T17:29:12","modified_gmt":"2023-05-04T15:29:12","slug":"von-brot-und-steinen-lebensgrundlagen-in-yach","status":"publish","type":"product","link":"https:\/\/heimatvereinyach.de\/startseite\/produkt\/von-brot-und-steinen-lebensgrundlagen-in-yach\/","title":{"rendered":"Von Brot und Steinen. Lebensgrundlagen in Yach"},"content":{"rendered":"<p>Der Getreideanbau pr\u00e4gte Yach \u00fcber Jahrhunderte und diente vor allem der Selbstversorgung. Heute lohnt es sich nicht mehr, Getreide anzubauen. Nach wie vor wird aber das Brotbacken gepflegt. Viele H\u00f6fe am \u201eBrotweg\u201c verkaufen Bauernbrot. Ganz verschwunden ist die Steinhauerei, die von der Mitte des 19. bis zur Mitte des 20. Jahrhunderts eine wichtige Einkommensquelle f\u00fcr die Yacher Bev\u00f6lkerung war. Zugleich ist sie ein Beispiel f\u00fcr die Integration italienischer Fachkr\u00e4fte. Das Buch stellt insofern zwei wesentliche fr\u00fchere Lebensgrundlagen in Yach vor. Sie sollen nicht vergessen werden, damit nicht nur wir, sondern auch zuk\u00fcnftige Generationen Einblicke in fr\u00fchere Lebens- und Wirtschaftsformen nehmen k\u00f6nnen, aus denen sich unsere heutige Existenz entwickelt hat. Die Darstellung beruht auf m\u00fcndlicher \u00dcberlieferung und Archivstudium und wird durch zahlreiche Abbildungen erg\u00e4nzt.<\/p>\n<p><em>Hrsg. von der Ortsverwaltung Yach sowie Heimat- und Landschaftspflegeverein Yach.<br \/>\nVon Brot und Steinen. Lebensgrundlagen in Yach.<br \/>\nBeitr\u00e4ge von Leo Burger, Heiko Haumann, J\u00fcrgen Herr, Siegfried Hug, Caroline Sch\u00e4tzle.<br \/>\nReihe Lebendige Geschichte in Yach, Band 7.<br \/>\n2. Neuauflage 2022.<br \/>\n128 Seiten mit 199 Farbigen und Schwarz-Wei\u00df-Abbildungen, Broschur.<br \/>\nISBN 978-3-95505-329-1. <\/em><\/p>\n","protected":false},"excerpt":{"rendered":"<p>Der Getreideanbau pr\u00e4gte Yach \u00fcber Jahrhunderte und diente vor allem der Selbstversorgung. Heute lohnt es sich nicht mehr, Getreide anzubauen. Nach wie vor wird aber das Brotbacken gepflegt. Viele H\u00f6fe am \u201eBrotweg\u201c verkaufen Bauernbrot. Ganz verschwunden ist die Steinhauerei, die von der Mitte des 19. bis zur Mitte des 20. Jahrhunderts eine wichtige Einkommensquelle f\u00fcr [&hellip;]<\/p>\n","protected":false},"featured_media":139,"comment_status":"open","ping_status":"closed","template":"","meta":{"_et_pb_use_builder":"","_et_pb_old_content":"","_et_gb_content_width":""},"product_cat":[21],"product_tag":[],"class_list":{"0":"post-138","1":"product","2":"type-product","3":"status-publish","4":"has-post-thumbnail","6":"product_cat-unkategorisiert","8":"first","9":"instock","10":"shipping-taxable","11":"purchasable","12":"product-type-simple"},"yoast_head":"<!-- This site is optimized with the Yoast SEO plugin v23.6 - https:\/\/yoast.com\/wordpress\/plugins\/seo\/ -->\n<title>Von Brot und Steinen. Lebensgrundlagen in Yach - Heimat- und Lanschaftspflegeverein Yach<\/title>\n<meta name=\"robots\" content=\"index, follow, max-snippet:-1, max-image-preview:large, max-video-preview:-1\" \/>\n<link rel=\"canonical\" href=\"https:\/\/heimatvereinyach.de\/startseite\/produkt\/von-brot-und-steinen-lebensgrundlagen-in-yach\/\" \/>\n<meta property=\"og:locale\" content=\"de_DE\" \/>\n<meta property=\"og:type\" content=\"article\" \/>\n<meta property=\"og:title\" content=\"Von Brot und Steinen. Lebensgrundlagen in Yach - Heimat- und Lanschaftspflegeverein Yach\" \/>\n<meta property=\"og:description\" content=\"Der Getreideanbau pr\u00e4gte Yach \u00fcber Jahrhunderte und diente vor allem der Selbstversorgung. Heute lohnt es sich nicht mehr, Getreide anzubauen. Nach wie vor wird aber das Brotbacken gepflegt. Viele H\u00f6fe am \u201eBrotweg\u201c verkaufen Bauernbrot. Ganz verschwunden ist die Steinhauerei, die von der Mitte des 19. bis zur Mitte des 20. Jahrhunderts eine wichtige Einkommensquelle f\u00fcr [&hellip;]\" \/>\n<meta property=\"og:url\" content=\"https:\/\/heimatvereinyach.de\/startseite\/produkt\/von-brot-und-steinen-lebensgrundlagen-in-yach\/\" \/>\n<meta property=\"og:site_name\" content=\"Heimat- und Lanschaftspflegeverein Yach\" \/>\n<meta property=\"article:publisher\" content=\"https:\/\/www.facebook.com\/heimatvereinyach\" \/>\n<meta property=\"article:modified_time\" content=\"2023-05-04T15:29:12+00:00\" \/>\n<meta property=\"og:image\" content=\"https:\/\/heimatvereinyach.de\/wp-content\/uploads\/2022\/12\/Von-Brot-und-Steinen.-Lebensgrundlagen-in-Yach.jpg\" \/>\n\t<meta property=\"og:image:width\" content=\"174\" \/>\n\t<meta property=\"og:image:height\" content=\"255\" \/>\n\t<meta property=\"og:image:type\" content=\"image\/jpeg\" \/>\n<meta name=\"twitter:card\" content=\"summary_large_image\" \/>\n<meta name=\"twitter:label1\" content=\"Gesch\u00e4tzte Lesezeit\" \/>\n\t<meta name=\"twitter:data1\" content=\"1\u00a0Minute\" \/>\n<script type=\"application\/ld+json\" class=\"yoast-schema-graph\">{\"@context\":\"https:\/\/schema.org\",\"@graph\":[{\"@type\":\"WebPage\",\"@id\":\"https:\/\/heimatvereinyach.de\/startseite\/produkt\/von-brot-und-steinen-lebensgrundlagen-in-yach\/\",\"url\":\"https:\/\/heimatvereinyach.de\/startseite\/produkt\/von-brot-und-steinen-lebensgrundlagen-in-yach\/\",\"name\":\"Von Brot und Steinen. Lebensgrundlagen in Yach - Heimat- und Lanschaftspflegeverein Yach\",\"isPartOf\":{\"@id\":\"https:\/\/heimatvereinyach.de\/startseite\/#website\"},\"primaryImageOfPage\":{\"@id\":\"https:\/\/heimatvereinyach.de\/startseite\/produkt\/von-brot-und-steinen-lebensgrundlagen-in-yach\/#primaryimage\"},\"image\":{\"@id\":\"https:\/\/heimatvereinyach.de\/startseite\/produkt\/von-brot-und-steinen-lebensgrundlagen-in-yach\/#primaryimage\"},\"thumbnailUrl\":\"https:\/\/heimatvereinyach.de\/wp-content\/uploads\/2022\/12\/Von-Brot-und-Steinen.-Lebensgrundlagen-in-Yach.jpg\",\"datePublished\":\"2022-12-27T16:19:07+00:00\",\"dateModified\":\"2023-05-04T15:29:12+00:00\",\"breadcrumb\":{\"@id\":\"https:\/\/heimatvereinyach.de\/startseite\/produkt\/von-brot-und-steinen-lebensgrundlagen-in-yach\/#breadcrumb\"},\"inLanguage\":\"de\",\"potentialAction\":[{\"@type\":\"ReadAction\",\"target\":[\"https:\/\/heimatvereinyach.de\/startseite\/produkt\/von-brot-und-steinen-lebensgrundlagen-in-yach\/\"]}]},{\"@type\":\"ImageObject\",\"inLanguage\":\"de\",\"@id\":\"https:\/\/heimatvereinyach.de\/startseite\/produkt\/von-brot-und-steinen-lebensgrundlagen-in-yach\/#primaryimage\",\"url\":\"https:\/\/heimatvereinyach.de\/wp-content\/uploads\/2022\/12\/Von-Brot-und-Steinen.-Lebensgrundlagen-in-Yach.jpg\",\"contentUrl\":\"https:\/\/heimatvereinyach.de\/wp-content\/uploads\/2022\/12\/Von-Brot-und-Steinen.-Lebensgrundlagen-in-Yach.jpg\",\"width\":174,\"height\":255},{\"@type\":\"BreadcrumbList\",\"@id\":\"https:\/\/heimatvereinyach.de\/startseite\/produkt\/von-brot-und-steinen-lebensgrundlagen-in-yach\/#breadcrumb\",\"itemListElement\":[{\"@type\":\"ListItem\",\"position\":1,\"name\":\"Startseite\",\"item\":\"https:\/\/heimatvereinyach.de\/startseite\/\"},{\"@type\":\"ListItem\",\"position\":2,\"name\":\"Shop\",\"item\":\"https:\/\/heimatvereinyach.de\/startseite\/shop\/\"},{\"@type\":\"ListItem\",\"position\":3,\"name\":\"Von Brot und Steinen. Lebensgrundlagen in Yach\"}]},{\"@type\":\"WebSite\",\"@id\":\"https:\/\/heimatvereinyach.de\/startseite\/#website\",\"url\":\"https:\/\/heimatvereinyach.de\/startseite\/\",\"name\":\"Heimat- und Lanschaftspflegeverein Yach\",\"description\":\"Die offizielle Homepage des HLP Yach e.V.\",\"publisher\":{\"@id\":\"https:\/\/heimatvereinyach.de\/startseite\/#organization\"},\"potentialAction\":[{\"@type\":\"SearchAction\",\"target\":{\"@type\":\"EntryPoint\",\"urlTemplate\":\"https:\/\/heimatvereinyach.de\/startseite\/?s={search_term_string}\"},\"query-input\":{\"@type\":\"PropertyValueSpecification\",\"valueRequired\":true,\"valueName\":\"search_term_string\"}}],\"inLanguage\":\"de\"},{\"@type\":\"Organization\",\"@id\":\"https:\/\/heimatvereinyach.de\/startseite\/#organization\",\"name\":\"Heimat- und Lanschaftspflegeverein Yach\",\"url\":\"https:\/\/heimatvereinyach.de\/startseite\/\",\"logo\":{\"@type\":\"ImageObject\",\"inLanguage\":\"de\",\"@id\":\"https:\/\/heimatvereinyach.de\/startseite\/#\/schema\/logo\/image\/\",\"url\":\"https:\/\/heimatvereinyach.de\/wp-content\/uploads\/2022\/03\/heimatverein_yach_logo1.jpg\",\"contentUrl\":\"https:\/\/heimatvereinyach.de\/wp-content\/uploads\/2022\/03\/heimatverein_yach_logo1.jpg\",\"width\":1245,\"height\":1151,\"caption\":\"Heimat- und Lanschaftspflegeverein Yach\"},\"image\":{\"@id\":\"https:\/\/heimatvereinyach.de\/startseite\/#\/schema\/logo\/image\/\"},\"sameAs\":[\"https:\/\/www.facebook.com\/heimatvereinyach\",\"https:\/\/www.instagram.com\/heimatverein_yach\/\"]}]}<\/script>\n<!-- \/ Yoast SEO plugin. -->","yoast_head_json":{"title":"Von Brot und Steinen. Lebensgrundlagen in Yach - Heimat- und Lanschaftspflegeverein Yach","robots":{"index":"index","follow":"follow","max-snippet":"max-snippet:-1","max-image-preview":"max-image-preview:large","max-video-preview":"max-video-preview:-1"},"canonical":"https:\/\/heimatvereinyach.de\/startseite\/produkt\/von-brot-und-steinen-lebensgrundlagen-in-yach\/","og_locale":"de_DE","og_type":"article","og_title":"Von Brot und Steinen. Lebensgrundlagen in Yach - Heimat- und Lanschaftspflegeverein Yach","og_description":"Der Getreideanbau pr\u00e4gte Yach \u00fcber Jahrhunderte und diente vor allem der Selbstversorgung. Heute lohnt es sich nicht mehr, Getreide anzubauen. Nach wie vor wird aber das Brotbacken gepflegt. Viele H\u00f6fe am \u201eBrotweg\u201c verkaufen Bauernbrot. Ganz verschwunden ist die Steinhauerei, die von der Mitte des 19. bis zur Mitte des 20. Jahrhunderts eine wichtige Einkommensquelle f\u00fcr [&hellip;]","og_url":"https:\/\/heimatvereinyach.de\/startseite\/produkt\/von-brot-und-steinen-lebensgrundlagen-in-yach\/","og_site_name":"Heimat- und Lanschaftspflegeverein Yach","article_publisher":"https:\/\/www.facebook.com\/heimatvereinyach","article_modified_time":"2023-05-04T15:29:12+00:00","og_image":[{"width":174,"height":255,"url":"https:\/\/heimatvereinyach.de\/wp-content\/uploads\/2022\/12\/Von-Brot-und-Steinen.-Lebensgrundlagen-in-Yach.jpg","type":"image\/jpeg"}],"twitter_card":"summary_large_image","twitter_misc":{"Gesch\u00e4tzte Lesezeit":"1\u00a0Minute"},"schema":{"@context":"https:\/\/schema.org","@graph":[{"@type":"WebPage","@id":"https:\/\/heimatvereinyach.de\/startseite\/produkt\/von-brot-und-steinen-lebensgrundlagen-in-yach\/","url":"https:\/\/heimatvereinyach.de\/startseite\/produkt\/von-brot-und-steinen-lebensgrundlagen-in-yach\/","name":"Von Brot und Steinen. Lebensgrundlagen in Yach - Heimat- und Lanschaftspflegeverein Yach","isPartOf":{"@id":"https:\/\/heimatvereinyach.de\/startseite\/#website"},"primaryImageOfPage":{"@id":"https:\/\/heimatvereinyach.de\/startseite\/produkt\/von-brot-und-steinen-lebensgrundlagen-in-yach\/#primaryimage"},"image":{"@id":"https:\/\/heimatvereinyach.de\/startseite\/produkt\/von-brot-und-steinen-lebensgrundlagen-in-yach\/#primaryimage"},"thumbnailUrl":"https:\/\/heimatvereinyach.de\/wp-content\/uploads\/2022\/12\/Von-Brot-und-Steinen.-Lebensgrundlagen-in-Yach.jpg","datePublished":"2022-12-27T16:19:07+00:00","dateModified":"2023-05-04T15:29:12+00:00","breadcrumb":{"@id":"https:\/\/heimatvereinyach.de\/startseite\/produkt\/von-brot-und-steinen-lebensgrundlagen-in-yach\/#breadcrumb"},"inLanguage":"de","potentialAction":[{"@type":"ReadAction","target":["https:\/\/heimatvereinyach.de\/startseite\/produkt\/von-brot-und-steinen-lebensgrundlagen-in-yach\/"]}]},{"@type":"ImageObject","inLanguage":"de","@id":"https:\/\/heimatvereinyach.de\/startseite\/produkt\/von-brot-und-steinen-lebensgrundlagen-in-yach\/#primaryimage","url":"https:\/\/heimatvereinyach.de\/wp-content\/uploads\/2022\/12\/Von-Brot-und-Steinen.-Lebensgrundlagen-in-Yach.jpg","contentUrl":"https:\/\/heimatvereinyach.de\/wp-content\/uploads\/2022\/12\/Von-Brot-und-Steinen.-Lebensgrundlagen-in-Yach.jpg","width":174,"height":255},{"@type":"BreadcrumbList","@id":"https:\/\/heimatvereinyach.de\/startseite\/produkt\/von-brot-und-steinen-lebensgrundlagen-in-yach\/#breadcrumb","itemListElement":[{"@type":"ListItem","position":1,"name":"Startseite","item":"https:\/\/heimatvereinyach.de\/startseite\/"},{"@type":"ListItem","position":2,"name":"Shop","item":"https:\/\/heimatvereinyach.de\/startseite\/shop\/"},{"@type":"ListItem","position":3,"name":"Von Brot und Steinen. Lebensgrundlagen in Yach"}]},{"@type":"WebSite","@id":"https:\/\/heimatvereinyach.de\/startseite\/#website","url":"https:\/\/heimatvereinyach.de\/startseite\/","name":"Heimat- und Lanschaftspflegeverein Yach","description":"Die offizielle Homepage des HLP Yach e.V.","publisher":{"@id":"https:\/\/heimatvereinyach.de\/startseite\/#organization"},"potentialAction":[{"@type":"SearchAction","target":{"@type":"EntryPoint","urlTemplate":"https:\/\/heimatvereinyach.de\/startseite\/?s={search_term_string}"},"query-input":{"@type":"PropertyValueSpecification","valueRequired":true,"valueName":"search_term_string"}}],"inLanguage":"de"},{"@type":"Organization","@id":"https:\/\/heimatvereinyach.de\/startseite\/#organization","name":"Heimat- und Lanschaftspflegeverein Yach","url":"https:\/\/heimatvereinyach.de\/startseite\/","logo":{"@type":"ImageObject","inLanguage":"de","@id":"https:\/\/heimatvereinyach.de\/startseite\/#\/schema\/logo\/image\/","url":"https:\/\/heimatvereinyach.de\/wp-content\/uploads\/2022\/03\/heimatverein_yach_logo1.jpg","contentUrl":"https:\/\/heimatvereinyach.de\/wp-content\/uploads\/2022\/03\/heimatverein_yach_logo1.jpg","width":1245,"height":1151,"caption":"Heimat- und Lanschaftspflegeverein Yach"},"image":{"@id":"https:\/\/heimatvereinyach.de\/startseite\/#\/schema\/logo\/image\/"},"sameAs":["https:\/\/www.facebook.com\/heimatvereinyach","https:\/\/www.instagram.com\/heimatverein_yach\/"]}]}},"_links":{"self":[{"href":"https:\/\/heimatvereinyach.de\/startseite\/wp-json\/wp\/v2\/product\/138","targetHints":{"allow":["GET"]}}],"collection":[{"href":"https:\/\/heimatvereinyach.de\/startseite\/wp-json\/wp\/v2\/product"}],"about":[{"href":"https:\/\/heimatvereinyach.de\/startseite\/wp-json\/wp\/v2\/types\/product"}],"replies":[{"embeddable":true,"href":"https:\/\/heimatvereinyach.de\/startseite\/wp-json\/wp\/v2\/comments?post=138"}],"wp:featuredmedia":[{"embeddable":true,"href":"https:\/\/heimatvereinyach.de\/startseite\/wp-json\/wp\/v2\/media\/139"}],"wp:attachment":[{"href":"https:\/\/heimatvereinyach.de\/startseite\/wp-json\/wp\/v2\/media?parent=138"}],"wp:term":[{"taxonomy":"product_cat","embeddable":true,"href":"https:\/\/heimatvereinyach.de\/startseite\/wp-json\/wp\/v2\/product_cat?post=138"},{"taxonomy":"product_tag","embeddable":true,"href":"https:\/\/heimatvereinyach.de\/startseite\/wp-json\/wp\/v2\/product_tag?post=138"}],"curies":[{"name":"wp","href":"https:\/\/api.w.org\/{rel}","templated":true}]}}