{"id":136,"date":"2022-12-27T17:13:13","date_gmt":"2022-12-27T16:13:13","guid":{"rendered":"https:\/\/heimatvereinyach.de\/?post_type=product&#038;p=136"},"modified":"2023-05-04T17:29:12","modified_gmt":"2023-05-04T15:29:12","slug":"schoenheiten-des-schwarzwaldes-elzach-yach-und-der-rohrhardsberg","status":"publish","type":"product","link":"https:\/\/heimatvereinyach.de\/startseite\/produkt\/schoenheiten-des-schwarzwaldes-elzach-yach-und-der-rohrhardsberg\/","title":{"rendered":"Sch\u00f6nheiten des Schwarzwaldes. Elzach, Yach und der Rohrhardsberg"},"content":{"rendered":"<p>Am Beispiel des Dorfes Yach, eines Ortsteils von Elzach, und der Gegend rund um den Rohrhardsberg soll dieses Foto-Lesebuch den Blick f\u00fcr die Sch\u00f6nheiten des Schwarzwaldes sch\u00e4rfen: f\u00fcr eindrucksvolle H\u00f6fe, Kleindenkmale, die W\u00e4lder und die Besonderheiten der Landschaft. Deren Ruhe und Weite wird sp\u00fcrbar. Das Buch ermuntert dazu, auch auf die \u201ekleinen Dinge\u201f wie Blumen, Pilze, Schmetterlinge, V\u00f6gel, Eidechsen, Spinnennetze oder einzelne B\u00e4ume zu achten. Die beigef\u00fcgten Texte vermitteln Hintergr\u00fcnde und Zusammenh\u00e4nge. Wer hier wandert, kann sich einlassen auf die hiesige Kultur und Landschaft mit ihren\u00a0 Menschen in ihrer Geschichte, sich in sie vertiefen, und dabei viel gewinnen.<\/p>\n<p><em>Sch\u00f6nheiten des Schwarzwaldes. Elzach, Yach und der Rohrhardsberg. Ein Foto-Lesebuch.<br \/>\nHrsg. vom Heimat- und Landschaftspflegeverein Yach.<br \/>\n96 S. mit 353 meist farbigen Abb. Fester Einband.<\/em><\/p>\n<p><em>ISBN 978-3-89735-853-9<\/em><\/p>\n","protected":false},"excerpt":{"rendered":"<p>Am Beispiel des Dorfes Yach, eines Ortsteils von Elzach, und der Gegend rund um den Rohrhardsberg soll dieses Foto-Lesebuch den Blick f\u00fcr die Sch\u00f6nheiten des Schwarzwaldes sch\u00e4rfen: f\u00fcr eindrucksvolle H\u00f6fe, Kleindenkmale, die W\u00e4lder und die Besonderheiten der Landschaft. Deren Ruhe und Weite wird sp\u00fcrbar. Das Buch ermuntert dazu, auch auf die \u201ekleinen Dinge\u201f wie Blumen, [&hellip;]<\/p>\n","protected":false},"featured_media":137,"comment_status":"open","ping_status":"closed","template":"","meta":{"_et_pb_use_builder":"","_et_pb_old_content":"","_et_gb_content_width":""},"product_cat":[21],"product_tag":[],"class_list":{"0":"post-136","1":"product","2":"type-product","3":"status-publish","4":"has-post-thumbnail","6":"product_cat-unkategorisiert","8":"first","9":"instock","10":"shipping-taxable","11":"purchasable","12":"product-type-simple"},"yoast_head":"<!-- This site is optimized with the Yoast SEO plugin v23.6 - https:\/\/yoast.com\/wordpress\/plugins\/seo\/ -->\n<title>Sch\u00f6nheiten des Schwarzwaldes. Elzach, Yach und der Rohrhardsberg - Heimat- und Lanschaftspflegeverein Yach<\/title>\n<meta name=\"robots\" content=\"index, follow, max-snippet:-1, max-image-preview:large, max-video-preview:-1\" \/>\n<link rel=\"canonical\" href=\"https:\/\/heimatvereinyach.de\/startseite\/produkt\/schoenheiten-des-schwarzwaldes-elzach-yach-und-der-rohrhardsberg\/\" \/>\n<meta property=\"og:locale\" content=\"de_DE\" \/>\n<meta property=\"og:type\" content=\"article\" \/>\n<meta property=\"og:title\" content=\"Sch\u00f6nheiten des Schwarzwaldes. Elzach, Yach und der Rohrhardsberg - Heimat- und Lanschaftspflegeverein Yach\" \/>\n<meta property=\"og:description\" content=\"Am Beispiel des Dorfes Yach, eines Ortsteils von Elzach, und der Gegend rund um den Rohrhardsberg soll dieses Foto-Lesebuch den Blick f\u00fcr die Sch\u00f6nheiten des Schwarzwaldes sch\u00e4rfen: f\u00fcr eindrucksvolle H\u00f6fe, Kleindenkmale, die W\u00e4lder und die Besonderheiten der Landschaft. Deren Ruhe und Weite wird sp\u00fcrbar. Das Buch ermuntert dazu, auch auf die \u201ekleinen Dinge\u201f wie Blumen, [&hellip;]\" \/>\n<meta property=\"og:url\" content=\"https:\/\/heimatvereinyach.de\/startseite\/produkt\/schoenheiten-des-schwarzwaldes-elzach-yach-und-der-rohrhardsberg\/\" \/>\n<meta property=\"og:site_name\" content=\"Heimat- und Lanschaftspflegeverein Yach\" \/>\n<meta property=\"article:publisher\" content=\"https:\/\/www.facebook.com\/heimatvereinyach\" \/>\n<meta property=\"article:modified_time\" content=\"2023-05-04T15:29:12+00:00\" \/>\n<meta property=\"og:image\" content=\"https:\/\/heimatvereinyach.de\/wp-content\/uploads\/2022\/12\/Schoenheiten-des-Schwarzwaldes.-Elzach-Yach-und-der-Rohrhardsberg.jpg\" \/>\n\t<meta property=\"og:image:width\" content=\"228\" \/>\n\t<meta property=\"og:image:height\" content=\"255\" \/>\n\t<meta property=\"og:image:type\" content=\"image\/jpeg\" \/>\n<meta name=\"twitter:card\" content=\"summary_large_image\" \/>\n<meta name=\"twitter:label1\" content=\"Gesch\u00e4tzte Lesezeit\" \/>\n\t<meta name=\"twitter:data1\" content=\"1\u00a0Minute\" \/>\n<script type=\"application\/ld+json\" class=\"yoast-schema-graph\">{\"@context\":\"https:\/\/schema.org\",\"@graph\":[{\"@type\":\"WebPage\",\"@id\":\"https:\/\/heimatvereinyach.de\/startseite\/produkt\/schoenheiten-des-schwarzwaldes-elzach-yach-und-der-rohrhardsberg\/\",\"url\":\"https:\/\/heimatvereinyach.de\/startseite\/produkt\/schoenheiten-des-schwarzwaldes-elzach-yach-und-der-rohrhardsberg\/\",\"name\":\"Sch\u00f6nheiten des Schwarzwaldes. Elzach, Yach und der Rohrhardsberg - Heimat- und Lanschaftspflegeverein Yach\",\"isPartOf\":{\"@id\":\"https:\/\/heimatvereinyach.de\/startseite\/#website\"},\"primaryImageOfPage\":{\"@id\":\"https:\/\/heimatvereinyach.de\/startseite\/produkt\/schoenheiten-des-schwarzwaldes-elzach-yach-und-der-rohrhardsberg\/#primaryimage\"},\"image\":{\"@id\":\"https:\/\/heimatvereinyach.de\/startseite\/produkt\/schoenheiten-des-schwarzwaldes-elzach-yach-und-der-rohrhardsberg\/#primaryimage\"},\"thumbnailUrl\":\"https:\/\/heimatvereinyach.de\/wp-content\/uploads\/2022\/12\/Schoenheiten-des-Schwarzwaldes.-Elzach-Yach-und-der-Rohrhardsberg.jpg\",\"datePublished\":\"2022-12-27T16:13:13+00:00\",\"dateModified\":\"2023-05-04T15:29:12+00:00\",\"breadcrumb\":{\"@id\":\"https:\/\/heimatvereinyach.de\/startseite\/produkt\/schoenheiten-des-schwarzwaldes-elzach-yach-und-der-rohrhardsberg\/#breadcrumb\"},\"inLanguage\":\"de\",\"potentialAction\":[{\"@type\":\"ReadAction\",\"target\":[\"https:\/\/heimatvereinyach.de\/startseite\/produkt\/schoenheiten-des-schwarzwaldes-elzach-yach-und-der-rohrhardsberg\/\"]}]},{\"@type\":\"ImageObject\",\"inLanguage\":\"de\",\"@id\":\"https:\/\/heimatvereinyach.de\/startseite\/produkt\/schoenheiten-des-schwarzwaldes-elzach-yach-und-der-rohrhardsberg\/#primaryimage\",\"url\":\"https:\/\/heimatvereinyach.de\/wp-content\/uploads\/2022\/12\/Schoenheiten-des-Schwarzwaldes.-Elzach-Yach-und-der-Rohrhardsberg.jpg\",\"contentUrl\":\"https:\/\/heimatvereinyach.de\/wp-content\/uploads\/2022\/12\/Schoenheiten-des-Schwarzwaldes.-Elzach-Yach-und-der-Rohrhardsberg.jpg\",\"width\":228,\"height\":255},{\"@type\":\"BreadcrumbList\",\"@id\":\"https:\/\/heimatvereinyach.de\/startseite\/produkt\/schoenheiten-des-schwarzwaldes-elzach-yach-und-der-rohrhardsberg\/#breadcrumb\",\"itemListElement\":[{\"@type\":\"ListItem\",\"position\":1,\"name\":\"Startseite\",\"item\":\"https:\/\/heimatvereinyach.de\/startseite\/\"},{\"@type\":\"ListItem\",\"position\":2,\"name\":\"Shop\",\"item\":\"https:\/\/heimatvereinyach.de\/startseite\/shop\/\"},{\"@type\":\"ListItem\",\"position\":3,\"name\":\"Sch\u00f6nheiten des Schwarzwaldes. Elzach, Yach und der Rohrhardsberg\"}]},{\"@type\":\"WebSite\",\"@id\":\"https:\/\/heimatvereinyach.de\/startseite\/#website\",\"url\":\"https:\/\/heimatvereinyach.de\/startseite\/\",\"name\":\"Heimat- und Lanschaftspflegeverein Yach\",\"description\":\"Die offizielle Homepage des HLP Yach e.V.\",\"publisher\":{\"@id\":\"https:\/\/heimatvereinyach.de\/startseite\/#organization\"},\"potentialAction\":[{\"@type\":\"SearchAction\",\"target\":{\"@type\":\"EntryPoint\",\"urlTemplate\":\"https:\/\/heimatvereinyach.de\/startseite\/?s={search_term_string}\"},\"query-input\":{\"@type\":\"PropertyValueSpecification\",\"valueRequired\":true,\"valueName\":\"search_term_string\"}}],\"inLanguage\":\"de\"},{\"@type\":\"Organization\",\"@id\":\"https:\/\/heimatvereinyach.de\/startseite\/#organization\",\"name\":\"Heimat- und Lanschaftspflegeverein Yach\",\"url\":\"https:\/\/heimatvereinyach.de\/startseite\/\",\"logo\":{\"@type\":\"ImageObject\",\"inLanguage\":\"de\",\"@id\":\"https:\/\/heimatvereinyach.de\/startseite\/#\/schema\/logo\/image\/\",\"url\":\"https:\/\/heimatvereinyach.de\/wp-content\/uploads\/2022\/03\/heimatverein_yach_logo1.jpg\",\"contentUrl\":\"https:\/\/heimatvereinyach.de\/wp-content\/uploads\/2022\/03\/heimatverein_yach_logo1.jpg\",\"width\":1245,\"height\":1151,\"caption\":\"Heimat- und Lanschaftspflegeverein Yach\"},\"image\":{\"@id\":\"https:\/\/heimatvereinyach.de\/startseite\/#\/schema\/logo\/image\/\"},\"sameAs\":[\"https:\/\/www.facebook.com\/heimatvereinyach\",\"https:\/\/www.instagram.com\/heimatverein_yach\/\"]}]}<\/script>\n<!-- \/ Yoast SEO plugin. -->","yoast_head_json":{"title":"Sch\u00f6nheiten des Schwarzwaldes. Elzach, Yach und der Rohrhardsberg - Heimat- und Lanschaftspflegeverein Yach","robots":{"index":"index","follow":"follow","max-snippet":"max-snippet:-1","max-image-preview":"max-image-preview:large","max-video-preview":"max-video-preview:-1"},"canonical":"https:\/\/heimatvereinyach.de\/startseite\/produkt\/schoenheiten-des-schwarzwaldes-elzach-yach-und-der-rohrhardsberg\/","og_locale":"de_DE","og_type":"article","og_title":"Sch\u00f6nheiten des Schwarzwaldes. Elzach, Yach und der Rohrhardsberg - Heimat- und Lanschaftspflegeverein Yach","og_description":"Am Beispiel des Dorfes Yach, eines Ortsteils von Elzach, und der Gegend rund um den Rohrhardsberg soll dieses Foto-Lesebuch den Blick f\u00fcr die Sch\u00f6nheiten des Schwarzwaldes sch\u00e4rfen: f\u00fcr eindrucksvolle H\u00f6fe, Kleindenkmale, die W\u00e4lder und die Besonderheiten der Landschaft. Deren Ruhe und Weite wird sp\u00fcrbar. Das Buch ermuntert dazu, auch auf die \u201ekleinen Dinge\u201f wie Blumen, [&hellip;]","og_url":"https:\/\/heimatvereinyach.de\/startseite\/produkt\/schoenheiten-des-schwarzwaldes-elzach-yach-und-der-rohrhardsberg\/","og_site_name":"Heimat- und Lanschaftspflegeverein Yach","article_publisher":"https:\/\/www.facebook.com\/heimatvereinyach","article_modified_time":"2023-05-04T15:29:12+00:00","og_image":[{"width":228,"height":255,"url":"https:\/\/heimatvereinyach.de\/wp-content\/uploads\/2022\/12\/Schoenheiten-des-Schwarzwaldes.-Elzach-Yach-und-der-Rohrhardsberg.jpg","type":"image\/jpeg"}],"twitter_card":"summary_large_image","twitter_misc":{"Gesch\u00e4tzte Lesezeit":"1\u00a0Minute"},"schema":{"@context":"https:\/\/schema.org","@graph":[{"@type":"WebPage","@id":"https:\/\/heimatvereinyach.de\/startseite\/produkt\/schoenheiten-des-schwarzwaldes-elzach-yach-und-der-rohrhardsberg\/","url":"https:\/\/heimatvereinyach.de\/startseite\/produkt\/schoenheiten-des-schwarzwaldes-elzach-yach-und-der-rohrhardsberg\/","name":"Sch\u00f6nheiten des Schwarzwaldes. Elzach, Yach und der Rohrhardsberg - Heimat- und Lanschaftspflegeverein Yach","isPartOf":{"@id":"https:\/\/heimatvereinyach.de\/startseite\/#website"},"primaryImageOfPage":{"@id":"https:\/\/heimatvereinyach.de\/startseite\/produkt\/schoenheiten-des-schwarzwaldes-elzach-yach-und-der-rohrhardsberg\/#primaryimage"},"image":{"@id":"https:\/\/heimatvereinyach.de\/startseite\/produkt\/schoenheiten-des-schwarzwaldes-elzach-yach-und-der-rohrhardsberg\/#primaryimage"},"thumbnailUrl":"https:\/\/heimatvereinyach.de\/wp-content\/uploads\/2022\/12\/Schoenheiten-des-Schwarzwaldes.-Elzach-Yach-und-der-Rohrhardsberg.jpg","datePublished":"2022-12-27T16:13:13+00:00","dateModified":"2023-05-04T15:29:12+00:00","breadcrumb":{"@id":"https:\/\/heimatvereinyach.de\/startseite\/produkt\/schoenheiten-des-schwarzwaldes-elzach-yach-und-der-rohrhardsberg\/#breadcrumb"},"inLanguage":"de","potentialAction":[{"@type":"ReadAction","target":["https:\/\/heimatvereinyach.de\/startseite\/produkt\/schoenheiten-des-schwarzwaldes-elzach-yach-und-der-rohrhardsberg\/"]}]},{"@type":"ImageObject","inLanguage":"de","@id":"https:\/\/heimatvereinyach.de\/startseite\/produkt\/schoenheiten-des-schwarzwaldes-elzach-yach-und-der-rohrhardsberg\/#primaryimage","url":"https:\/\/heimatvereinyach.de\/wp-content\/uploads\/2022\/12\/Schoenheiten-des-Schwarzwaldes.-Elzach-Yach-und-der-Rohrhardsberg.jpg","contentUrl":"https:\/\/heimatvereinyach.de\/wp-content\/uploads\/2022\/12\/Schoenheiten-des-Schwarzwaldes.-Elzach-Yach-und-der-Rohrhardsberg.jpg","width":228,"height":255},{"@type":"BreadcrumbList","@id":"https:\/\/heimatvereinyach.de\/startseite\/produkt\/schoenheiten-des-schwarzwaldes-elzach-yach-und-der-rohrhardsberg\/#breadcrumb","itemListElement":[{"@type":"ListItem","position":1,"name":"Startseite","item":"https:\/\/heimatvereinyach.de\/startseite\/"},{"@type":"ListItem","position":2,"name":"Shop","item":"https:\/\/heimatvereinyach.de\/startseite\/shop\/"},{"@type":"ListItem","position":3,"name":"Sch\u00f6nheiten des Schwarzwaldes. Elzach, Yach und der Rohrhardsberg"}]},{"@type":"WebSite","@id":"https:\/\/heimatvereinyach.de\/startseite\/#website","url":"https:\/\/heimatvereinyach.de\/startseite\/","name":"Heimat- und Lanschaftspflegeverein Yach","description":"Die offizielle Homepage des HLP Yach e.V.","publisher":{"@id":"https:\/\/heimatvereinyach.de\/startseite\/#organization"},"potentialAction":[{"@type":"SearchAction","target":{"@type":"EntryPoint","urlTemplate":"https:\/\/heimatvereinyach.de\/startseite\/?s={search_term_string}"},"query-input":{"@type":"PropertyValueSpecification","valueRequired":true,"valueName":"search_term_string"}}],"inLanguage":"de"},{"@type":"Organization","@id":"https:\/\/heimatvereinyach.de\/startseite\/#organization","name":"Heimat- und Lanschaftspflegeverein Yach","url":"https:\/\/heimatvereinyach.de\/startseite\/","logo":{"@type":"ImageObject","inLanguage":"de","@id":"https:\/\/heimatvereinyach.de\/startseite\/#\/schema\/logo\/image\/","url":"https:\/\/heimatvereinyach.de\/wp-content\/uploads\/2022\/03\/heimatverein_yach_logo1.jpg","contentUrl":"https:\/\/heimatvereinyach.de\/wp-content\/uploads\/2022\/03\/heimatverein_yach_logo1.jpg","width":1245,"height":1151,"caption":"Heimat- und Lanschaftspflegeverein Yach"},"image":{"@id":"https:\/\/heimatvereinyach.de\/startseite\/#\/schema\/logo\/image\/"},"sameAs":["https:\/\/www.facebook.com\/heimatvereinyach","https:\/\/www.instagram.com\/heimatverein_yach\/"]}]}},"_links":{"self":[{"href":"https:\/\/heimatvereinyach.de\/startseite\/wp-json\/wp\/v2\/product\/136","targetHints":{"allow":["GET"]}}],"collection":[{"href":"https:\/\/heimatvereinyach.de\/startseite\/wp-json\/wp\/v2\/product"}],"about":[{"href":"https:\/\/heimatvereinyach.de\/startseite\/wp-json\/wp\/v2\/types\/product"}],"replies":[{"embeddable":true,"href":"https:\/\/heimatvereinyach.de\/startseite\/wp-json\/wp\/v2\/comments?post=136"}],"wp:featuredmedia":[{"embeddable":true,"href":"https:\/\/heimatvereinyach.de\/startseite\/wp-json\/wp\/v2\/media\/137"}],"wp:attachment":[{"href":"https:\/\/heimatvereinyach.de\/startseite\/wp-json\/wp\/v2\/media?parent=136"}],"wp:term":[{"taxonomy":"product_cat","embeddable":true,"href":"https:\/\/heimatvereinyach.de\/startseite\/wp-json\/wp\/v2\/product_cat?post=136"},{"taxonomy":"product_tag","embeddable":true,"href":"https:\/\/heimatvereinyach.de\/startseite\/wp-json\/wp\/v2\/product_tag?post=136"}],"curies":[{"name":"wp","href":"https:\/\/api.w.org\/{rel}","templated":true}]}}