{"id":134,"date":"2022-12-27T17:11:08","date_gmt":"2022-12-27T16:11:08","guid":{"rendered":"https:\/\/heimatvereinyach.de\/?post_type=product&#038;p=134"},"modified":"2023-05-04T17:29:12","modified_gmt":"2023-05-04T15:29:12","slug":"kriminalitaet-und-gesellschaft","status":"publish","type":"product","link":"https:\/\/heimatvereinyach.de\/startseite\/produkt\/kriminalitaet-und-gesellschaft\/","title":{"rendered":"Kriminalit\u00e4t und Gesellschaft"},"content":{"rendered":"<p>Karl Tr\u00e4nkle untersucht in diesem Band drei Aufsehen erregende Kriminalf\u00e4lle in Yach: das Attentat eines \u00fcber umfangreiche obrigkeitliche Holzhiebe ver\u00e4rgerten Bauern auf den Elzacher B\u00fcrgermeister 1771, die Taten des legend\u00e4ren \u201eWatzsepp\u201c und deren Hintergr\u00fcnde im 19. Jahr\u00adhundert sowie den tragischen Todesfall eines jungen Yachers 1847. Die Darstellung st\u00fctzt sich auf reichhaltiges Quellenmaterial und erm\u00f6glicht ein dichtes Bild des Lebens in Yach. Der harte Existenzkampf vieler Menschen und die heute fast nicht mehr vorstellbare Armut werden zugleich in ihre geschichtlichen Zusammenh\u00e4nge gestellt. Aus den Einzelf\u00e4llen erschlie\u00dfen sich \u00fcbergreifende Verkettungen.<\/p>\n<p><em>Karl Tr\u00e4nkle, Kriminalit\u00e4t und Gesellschaft. Drei Fallstudien zu Yach aus dem 18. und 19. Jahrhundert.<br \/>\nLebendige Geschichte in Yach, Bd. 5. Hrsg. vom Heimat- und Landschaftspflegeverein Yach.<br \/>\n96 S. mit 37 Abb., Broschur.<br \/>\nISBN 978-3-95505-139-6. EUR 13,90.<\/em><\/p>\n","protected":false},"excerpt":{"rendered":"<p>Karl Tr\u00e4nkle untersucht in diesem Band drei Aufsehen erregende Kriminalf\u00e4lle in Yach: das Attentat eines \u00fcber umfangreiche obrigkeitliche Holzhiebe ver\u00e4rgerten Bauern auf den Elzacher B\u00fcrgermeister 1771, die Taten des legend\u00e4ren \u201eWatzsepp\u201c und deren Hintergr\u00fcnde im 19. Jahr\u00adhundert sowie den tragischen Todesfall eines jungen Yachers 1847. Die Darstellung st\u00fctzt sich auf reichhaltiges Quellenmaterial und erm\u00f6glicht ein [&hellip;]<\/p>\n","protected":false},"featured_media":135,"comment_status":"open","ping_status":"closed","template":"","meta":{"_et_pb_use_builder":"","_et_pb_old_content":"","_et_gb_content_width":""},"product_cat":[21],"product_tag":[],"class_list":{"0":"post-134","1":"product","2":"type-product","3":"status-publish","4":"has-post-thumbnail","6":"product_cat-unkategorisiert","8":"first","9":"instock","10":"shipping-taxable","11":"purchasable","12":"product-type-simple"},"yoast_head":"<!-- This site is optimized with the Yoast SEO plugin v23.6 - https:\/\/yoast.com\/wordpress\/plugins\/seo\/ -->\n<title>Kriminalit\u00e4t und Gesellschaft - Heimat- und Lanschaftspflegeverein Yach<\/title>\n<meta name=\"robots\" content=\"index, follow, max-snippet:-1, max-image-preview:large, max-video-preview:-1\" \/>\n<link rel=\"canonical\" href=\"https:\/\/heimatvereinyach.de\/startseite\/produkt\/kriminalitaet-und-gesellschaft\/\" \/>\n<meta property=\"og:locale\" content=\"de_DE\" \/>\n<meta property=\"og:type\" content=\"article\" \/>\n<meta property=\"og:title\" content=\"Kriminalit\u00e4t und Gesellschaft - Heimat- und Lanschaftspflegeverein Yach\" \/>\n<meta property=\"og:description\" content=\"Karl Tr\u00e4nkle untersucht in diesem Band drei Aufsehen erregende Kriminalf\u00e4lle in Yach: das Attentat eines \u00fcber umfangreiche obrigkeitliche Holzhiebe ver\u00e4rgerten Bauern auf den Elzacher B\u00fcrgermeister 1771, die Taten des legend\u00e4ren \u201eWatzsepp\u201c und deren Hintergr\u00fcnde im 19. Jahr\u00adhundert sowie den tragischen Todesfall eines jungen Yachers 1847. Die Darstellung st\u00fctzt sich auf reichhaltiges Quellenmaterial und erm\u00f6glicht ein [&hellip;]\" \/>\n<meta property=\"og:url\" content=\"https:\/\/heimatvereinyach.de\/startseite\/produkt\/kriminalitaet-und-gesellschaft\/\" \/>\n<meta property=\"og:site_name\" content=\"Heimat- und Lanschaftspflegeverein Yach\" \/>\n<meta property=\"article:publisher\" content=\"https:\/\/www.facebook.com\/heimatvereinyach\" \/>\n<meta property=\"article:modified_time\" content=\"2023-05-04T15:29:12+00:00\" \/>\n<meta property=\"og:image\" content=\"https:\/\/heimatvereinyach.de\/wp-content\/uploads\/2022\/12\/Kriminalitaet-und-Gesellschaft.jpg\" \/>\n\t<meta property=\"og:image:width\" content=\"174\" \/>\n\t<meta property=\"og:image:height\" content=\"255\" \/>\n\t<meta property=\"og:image:type\" content=\"image\/jpeg\" \/>\n<meta name=\"twitter:card\" content=\"summary_large_image\" \/>\n<meta name=\"twitter:label1\" content=\"Gesch\u00e4tzte Lesezeit\" \/>\n\t<meta name=\"twitter:data1\" content=\"1\u00a0Minute\" \/>\n<script type=\"application\/ld+json\" class=\"yoast-schema-graph\">{\"@context\":\"https:\/\/schema.org\",\"@graph\":[{\"@type\":\"WebPage\",\"@id\":\"https:\/\/heimatvereinyach.de\/startseite\/produkt\/kriminalitaet-und-gesellschaft\/\",\"url\":\"https:\/\/heimatvereinyach.de\/startseite\/produkt\/kriminalitaet-und-gesellschaft\/\",\"name\":\"Kriminalit\u00e4t und Gesellschaft - Heimat- und Lanschaftspflegeverein Yach\",\"isPartOf\":{\"@id\":\"https:\/\/heimatvereinyach.de\/startseite\/#website\"},\"primaryImageOfPage\":{\"@id\":\"https:\/\/heimatvereinyach.de\/startseite\/produkt\/kriminalitaet-und-gesellschaft\/#primaryimage\"},\"image\":{\"@id\":\"https:\/\/heimatvereinyach.de\/startseite\/produkt\/kriminalitaet-und-gesellschaft\/#primaryimage\"},\"thumbnailUrl\":\"https:\/\/heimatvereinyach.de\/wp-content\/uploads\/2022\/12\/Kriminalitaet-und-Gesellschaft.jpg\",\"datePublished\":\"2022-12-27T16:11:08+00:00\",\"dateModified\":\"2023-05-04T15:29:12+00:00\",\"breadcrumb\":{\"@id\":\"https:\/\/heimatvereinyach.de\/startseite\/produkt\/kriminalitaet-und-gesellschaft\/#breadcrumb\"},\"inLanguage\":\"de\",\"potentialAction\":[{\"@type\":\"ReadAction\",\"target\":[\"https:\/\/heimatvereinyach.de\/startseite\/produkt\/kriminalitaet-und-gesellschaft\/\"]}]},{\"@type\":\"ImageObject\",\"inLanguage\":\"de\",\"@id\":\"https:\/\/heimatvereinyach.de\/startseite\/produkt\/kriminalitaet-und-gesellschaft\/#primaryimage\",\"url\":\"https:\/\/heimatvereinyach.de\/wp-content\/uploads\/2022\/12\/Kriminalitaet-und-Gesellschaft.jpg\",\"contentUrl\":\"https:\/\/heimatvereinyach.de\/wp-content\/uploads\/2022\/12\/Kriminalitaet-und-Gesellschaft.jpg\",\"width\":174,\"height\":255},{\"@type\":\"BreadcrumbList\",\"@id\":\"https:\/\/heimatvereinyach.de\/startseite\/produkt\/kriminalitaet-und-gesellschaft\/#breadcrumb\",\"itemListElement\":[{\"@type\":\"ListItem\",\"position\":1,\"name\":\"Startseite\",\"item\":\"https:\/\/heimatvereinyach.de\/startseite\/\"},{\"@type\":\"ListItem\",\"position\":2,\"name\":\"Shop\",\"item\":\"https:\/\/heimatvereinyach.de\/startseite\/shop\/\"},{\"@type\":\"ListItem\",\"position\":3,\"name\":\"Kriminalit\u00e4t und Gesellschaft\"}]},{\"@type\":\"WebSite\",\"@id\":\"https:\/\/heimatvereinyach.de\/startseite\/#website\",\"url\":\"https:\/\/heimatvereinyach.de\/startseite\/\",\"name\":\"Heimat- und Lanschaftspflegeverein Yach\",\"description\":\"Die offizielle Homepage des HLP Yach e.V.\",\"publisher\":{\"@id\":\"https:\/\/heimatvereinyach.de\/startseite\/#organization\"},\"potentialAction\":[{\"@type\":\"SearchAction\",\"target\":{\"@type\":\"EntryPoint\",\"urlTemplate\":\"https:\/\/heimatvereinyach.de\/startseite\/?s={search_term_string}\"},\"query-input\":{\"@type\":\"PropertyValueSpecification\",\"valueRequired\":true,\"valueName\":\"search_term_string\"}}],\"inLanguage\":\"de\"},{\"@type\":\"Organization\",\"@id\":\"https:\/\/heimatvereinyach.de\/startseite\/#organization\",\"name\":\"Heimat- und Lanschaftspflegeverein Yach\",\"url\":\"https:\/\/heimatvereinyach.de\/startseite\/\",\"logo\":{\"@type\":\"ImageObject\",\"inLanguage\":\"de\",\"@id\":\"https:\/\/heimatvereinyach.de\/startseite\/#\/schema\/logo\/image\/\",\"url\":\"https:\/\/heimatvereinyach.de\/wp-content\/uploads\/2022\/03\/heimatverein_yach_logo1.jpg\",\"contentUrl\":\"https:\/\/heimatvereinyach.de\/wp-content\/uploads\/2022\/03\/heimatverein_yach_logo1.jpg\",\"width\":1245,\"height\":1151,\"caption\":\"Heimat- und Lanschaftspflegeverein Yach\"},\"image\":{\"@id\":\"https:\/\/heimatvereinyach.de\/startseite\/#\/schema\/logo\/image\/\"},\"sameAs\":[\"https:\/\/www.facebook.com\/heimatvereinyach\",\"https:\/\/www.instagram.com\/heimatverein_yach\/\"]}]}<\/script>\n<!-- \/ Yoast SEO plugin. -->","yoast_head_json":{"title":"Kriminalit\u00e4t und Gesellschaft - Heimat- und Lanschaftspflegeverein Yach","robots":{"index":"index","follow":"follow","max-snippet":"max-snippet:-1","max-image-preview":"max-image-preview:large","max-video-preview":"max-video-preview:-1"},"canonical":"https:\/\/heimatvereinyach.de\/startseite\/produkt\/kriminalitaet-und-gesellschaft\/","og_locale":"de_DE","og_type":"article","og_title":"Kriminalit\u00e4t und Gesellschaft - Heimat- und Lanschaftspflegeverein Yach","og_description":"Karl Tr\u00e4nkle untersucht in diesem Band drei Aufsehen erregende Kriminalf\u00e4lle in Yach: das Attentat eines \u00fcber umfangreiche obrigkeitliche Holzhiebe ver\u00e4rgerten Bauern auf den Elzacher B\u00fcrgermeister 1771, die Taten des legend\u00e4ren \u201eWatzsepp\u201c und deren Hintergr\u00fcnde im 19. Jahr\u00adhundert sowie den tragischen Todesfall eines jungen Yachers 1847. Die Darstellung st\u00fctzt sich auf reichhaltiges Quellenmaterial und erm\u00f6glicht ein [&hellip;]","og_url":"https:\/\/heimatvereinyach.de\/startseite\/produkt\/kriminalitaet-und-gesellschaft\/","og_site_name":"Heimat- und Lanschaftspflegeverein Yach","article_publisher":"https:\/\/www.facebook.com\/heimatvereinyach","article_modified_time":"2023-05-04T15:29:12+00:00","og_image":[{"width":174,"height":255,"url":"https:\/\/heimatvereinyach.de\/wp-content\/uploads\/2022\/12\/Kriminalitaet-und-Gesellschaft.jpg","type":"image\/jpeg"}],"twitter_card":"summary_large_image","twitter_misc":{"Gesch\u00e4tzte Lesezeit":"1\u00a0Minute"},"schema":{"@context":"https:\/\/schema.org","@graph":[{"@type":"WebPage","@id":"https:\/\/heimatvereinyach.de\/startseite\/produkt\/kriminalitaet-und-gesellschaft\/","url":"https:\/\/heimatvereinyach.de\/startseite\/produkt\/kriminalitaet-und-gesellschaft\/","name":"Kriminalit\u00e4t und Gesellschaft - Heimat- und Lanschaftspflegeverein Yach","isPartOf":{"@id":"https:\/\/heimatvereinyach.de\/startseite\/#website"},"primaryImageOfPage":{"@id":"https:\/\/heimatvereinyach.de\/startseite\/produkt\/kriminalitaet-und-gesellschaft\/#primaryimage"},"image":{"@id":"https:\/\/heimatvereinyach.de\/startseite\/produkt\/kriminalitaet-und-gesellschaft\/#primaryimage"},"thumbnailUrl":"https:\/\/heimatvereinyach.de\/wp-content\/uploads\/2022\/12\/Kriminalitaet-und-Gesellschaft.jpg","datePublished":"2022-12-27T16:11:08+00:00","dateModified":"2023-05-04T15:29:12+00:00","breadcrumb":{"@id":"https:\/\/heimatvereinyach.de\/startseite\/produkt\/kriminalitaet-und-gesellschaft\/#breadcrumb"},"inLanguage":"de","potentialAction":[{"@type":"ReadAction","target":["https:\/\/heimatvereinyach.de\/startseite\/produkt\/kriminalitaet-und-gesellschaft\/"]}]},{"@type":"ImageObject","inLanguage":"de","@id":"https:\/\/heimatvereinyach.de\/startseite\/produkt\/kriminalitaet-und-gesellschaft\/#primaryimage","url":"https:\/\/heimatvereinyach.de\/wp-content\/uploads\/2022\/12\/Kriminalitaet-und-Gesellschaft.jpg","contentUrl":"https:\/\/heimatvereinyach.de\/wp-content\/uploads\/2022\/12\/Kriminalitaet-und-Gesellschaft.jpg","width":174,"height":255},{"@type":"BreadcrumbList","@id":"https:\/\/heimatvereinyach.de\/startseite\/produkt\/kriminalitaet-und-gesellschaft\/#breadcrumb","itemListElement":[{"@type":"ListItem","position":1,"name":"Startseite","item":"https:\/\/heimatvereinyach.de\/startseite\/"},{"@type":"ListItem","position":2,"name":"Shop","item":"https:\/\/heimatvereinyach.de\/startseite\/shop\/"},{"@type":"ListItem","position":3,"name":"Kriminalit\u00e4t und Gesellschaft"}]},{"@type":"WebSite","@id":"https:\/\/heimatvereinyach.de\/startseite\/#website","url":"https:\/\/heimatvereinyach.de\/startseite\/","name":"Heimat- und Lanschaftspflegeverein Yach","description":"Die offizielle Homepage des HLP Yach e.V.","publisher":{"@id":"https:\/\/heimatvereinyach.de\/startseite\/#organization"},"potentialAction":[{"@type":"SearchAction","target":{"@type":"EntryPoint","urlTemplate":"https:\/\/heimatvereinyach.de\/startseite\/?s={search_term_string}"},"query-input":{"@type":"PropertyValueSpecification","valueRequired":true,"valueName":"search_term_string"}}],"inLanguage":"de"},{"@type":"Organization","@id":"https:\/\/heimatvereinyach.de\/startseite\/#organization","name":"Heimat- und Lanschaftspflegeverein Yach","url":"https:\/\/heimatvereinyach.de\/startseite\/","logo":{"@type":"ImageObject","inLanguage":"de","@id":"https:\/\/heimatvereinyach.de\/startseite\/#\/schema\/logo\/image\/","url":"https:\/\/heimatvereinyach.de\/wp-content\/uploads\/2022\/03\/heimatverein_yach_logo1.jpg","contentUrl":"https:\/\/heimatvereinyach.de\/wp-content\/uploads\/2022\/03\/heimatverein_yach_logo1.jpg","width":1245,"height":1151,"caption":"Heimat- und Lanschaftspflegeverein Yach"},"image":{"@id":"https:\/\/heimatvereinyach.de\/startseite\/#\/schema\/logo\/image\/"},"sameAs":["https:\/\/www.facebook.com\/heimatvereinyach","https:\/\/www.instagram.com\/heimatverein_yach\/"]}]}},"_links":{"self":[{"href":"https:\/\/heimatvereinyach.de\/startseite\/wp-json\/wp\/v2\/product\/134","targetHints":{"allow":["GET"]}}],"collection":[{"href":"https:\/\/heimatvereinyach.de\/startseite\/wp-json\/wp\/v2\/product"}],"about":[{"href":"https:\/\/heimatvereinyach.de\/startseite\/wp-json\/wp\/v2\/types\/product"}],"replies":[{"embeddable":true,"href":"https:\/\/heimatvereinyach.de\/startseite\/wp-json\/wp\/v2\/comments?post=134"}],"wp:featuredmedia":[{"embeddable":true,"href":"https:\/\/heimatvereinyach.de\/startseite\/wp-json\/wp\/v2\/media\/135"}],"wp:attachment":[{"href":"https:\/\/heimatvereinyach.de\/startseite\/wp-json\/wp\/v2\/media?parent=134"}],"wp:term":[{"taxonomy":"product_cat","embeddable":true,"href":"https:\/\/heimatvereinyach.de\/startseite\/wp-json\/wp\/v2\/product_cat?post=134"},{"taxonomy":"product_tag","embeddable":true,"href":"https:\/\/heimatvereinyach.de\/startseite\/wp-json\/wp\/v2\/product_tag?post=134"}],"curies":[{"name":"wp","href":"https:\/\/api.w.org\/{rel}","templated":true}]}}