{"id":128,"date":"2022-12-10T13:26:02","date_gmt":"2022-12-10T12:26:02","guid":{"rendered":"https:\/\/heimatvereinyach.de\/?post_type=product&#038;p=128"},"modified":"2023-05-04T20:08:55","modified_gmt":"2023-05-04T18:08:55","slug":"von-hirtenbuben-und-waldarbeitern-in-yach","status":"publish","type":"product","link":"https:\/\/heimatvereinyach.de\/startseite\/produkt\/von-hirtenbuben-und-waldarbeitern-in-yach\/","title":{"rendered":"Von Hirtenbuben und Waldarbeitern in Yach"},"content":{"rendered":"<p>Diese Schrift dokumentiert zwei Ausstellungen, mit denen wichtige Lebensbereiche in Yach vorgestellt wurden. Gezeigt wird, unter welchen Bedingungen die Menschen fr\u00fcher gelebt haben, wie sie damit fertig wurden, welche Bedeutung das f\u00fcr die Gemeinde hatte und wie sich die Verh\u00e4ltnisse bis in die Gegenwart ver\u00e4ndert haben. Dies kann dazu anregen, sich Gedanken \u00fcber die weitere Entwicklung in unserer Zeit zu machen.<br \/>\nDie Texte beruhen auf Erinnerungen von Zeitzeugen und zus\u00e4tzlichen Forschungen. Zahlreiche Abbildungen vertiefen die Darstellung. Im Anhang finden sich weitere Abbildungen zu H\u00f6fen und markanten Geb\u00e4uden in Yach sowie zu landwirtschaftlichen Arbeiten. Sie veranschaulichen das unmittelbare Lebensumfeld von Hirtenkindern und Waldarbeitern.<\/p>\n","protected":false},"excerpt":{"rendered":"<p>Diese Schrift dokumentiert zwei Ausstellungen, mit denen wichtige Lebensbereiche in Yach vorgestellt wurden. Gezeigt wird, unter welchen Bedingungen die Menschen fr\u00fcher gelebt haben, wie sie damit fertig wurden, welche Bedeutung das f\u00fcr die Gemeinde hatte und wie sich die Verh\u00e4ltnisse bis in die Gegenwart ver\u00e4ndert haben. Dies kann dazu anregen, sich Gedanken \u00fcber die weitere [&hellip;]<\/p>\n","protected":false},"featured_media":129,"comment_status":"open","ping_status":"closed","template":"","meta":{"_et_pb_use_builder":"","_et_pb_old_content":"","_et_gb_content_width":""},"product_cat":[21],"product_tag":[],"class_list":{"0":"post-128","1":"product","2":"type-product","3":"status-publish","4":"has-post-thumbnail","6":"product_cat-unkategorisiert","8":"first","9":"instock","10":"shipping-taxable","11":"purchasable","12":"product-type-simple"},"yoast_head":"<!-- This site is optimized with the Yoast SEO plugin v23.6 - https:\/\/yoast.com\/wordpress\/plugins\/seo\/ -->\n<title>Von Hirtenbuben und Waldarbeitern in Yach - Heimat- und Lanschaftspflegeverein Yach<\/title>\n<meta name=\"robots\" content=\"index, follow, max-snippet:-1, max-image-preview:large, max-video-preview:-1\" \/>\n<link rel=\"canonical\" href=\"https:\/\/heimatvereinyach.de\/startseite\/produkt\/von-hirtenbuben-und-waldarbeitern-in-yach\/\" \/>\n<meta property=\"og:locale\" content=\"de_DE\" \/>\n<meta property=\"og:type\" content=\"article\" \/>\n<meta property=\"og:title\" content=\"Von Hirtenbuben und Waldarbeitern in Yach - Heimat- und Lanschaftspflegeverein Yach\" \/>\n<meta property=\"og:description\" content=\"Diese Schrift dokumentiert zwei Ausstellungen, mit denen wichtige Lebensbereiche in Yach vorgestellt wurden. Gezeigt wird, unter welchen Bedingungen die Menschen fr\u00fcher gelebt haben, wie sie damit fertig wurden, welche Bedeutung das f\u00fcr die Gemeinde hatte und wie sich die Verh\u00e4ltnisse bis in die Gegenwart ver\u00e4ndert haben. Dies kann dazu anregen, sich Gedanken \u00fcber die weitere [&hellip;]\" \/>\n<meta property=\"og:url\" content=\"https:\/\/heimatvereinyach.de\/startseite\/produkt\/von-hirtenbuben-und-waldarbeitern-in-yach\/\" \/>\n<meta property=\"og:site_name\" content=\"Heimat- und Lanschaftspflegeverein Yach\" \/>\n<meta property=\"article:publisher\" content=\"https:\/\/www.facebook.com\/heimatvereinyach\" \/>\n<meta property=\"article:modified_time\" content=\"2023-05-04T18:08:55+00:00\" \/>\n<meta property=\"og:image\" content=\"https:\/\/heimatvereinyach.de\/wp-content\/uploads\/2022\/12\/Von-Hirtenbuben-und-Waldarbeitern-in-Yach.jpg\" \/>\n\t<meta property=\"og:image:width\" content=\"168\" \/>\n\t<meta property=\"og:image:height\" content=\"255\" \/>\n\t<meta property=\"og:image:type\" content=\"image\/jpeg\" \/>\n<meta name=\"twitter:card\" content=\"summary_large_image\" \/>\n<meta name=\"twitter:label1\" content=\"Gesch\u00e4tzte Lesezeit\" \/>\n\t<meta name=\"twitter:data1\" content=\"1\u00a0Minute\" \/>\n<script type=\"application\/ld+json\" class=\"yoast-schema-graph\">{\"@context\":\"https:\/\/schema.org\",\"@graph\":[{\"@type\":\"WebPage\",\"@id\":\"https:\/\/heimatvereinyach.de\/startseite\/produkt\/von-hirtenbuben-und-waldarbeitern-in-yach\/\",\"url\":\"https:\/\/heimatvereinyach.de\/startseite\/produkt\/von-hirtenbuben-und-waldarbeitern-in-yach\/\",\"name\":\"Von Hirtenbuben und Waldarbeitern in Yach - Heimat- und Lanschaftspflegeverein Yach\",\"isPartOf\":{\"@id\":\"https:\/\/heimatvereinyach.de\/startseite\/#website\"},\"primaryImageOfPage\":{\"@id\":\"https:\/\/heimatvereinyach.de\/startseite\/produkt\/von-hirtenbuben-und-waldarbeitern-in-yach\/#primaryimage\"},\"image\":{\"@id\":\"https:\/\/heimatvereinyach.de\/startseite\/produkt\/von-hirtenbuben-und-waldarbeitern-in-yach\/#primaryimage\"},\"thumbnailUrl\":\"https:\/\/heimatvereinyach.de\/wp-content\/uploads\/2022\/12\/Von-Hirtenbuben-und-Waldarbeitern-in-Yach.jpg\",\"datePublished\":\"2022-12-10T12:26:02+00:00\",\"dateModified\":\"2023-05-04T18:08:55+00:00\",\"breadcrumb\":{\"@id\":\"https:\/\/heimatvereinyach.de\/startseite\/produkt\/von-hirtenbuben-und-waldarbeitern-in-yach\/#breadcrumb\"},\"inLanguage\":\"de\",\"potentialAction\":[{\"@type\":\"ReadAction\",\"target\":[\"https:\/\/heimatvereinyach.de\/startseite\/produkt\/von-hirtenbuben-und-waldarbeitern-in-yach\/\"]}]},{\"@type\":\"ImageObject\",\"inLanguage\":\"de\",\"@id\":\"https:\/\/heimatvereinyach.de\/startseite\/produkt\/von-hirtenbuben-und-waldarbeitern-in-yach\/#primaryimage\",\"url\":\"https:\/\/heimatvereinyach.de\/wp-content\/uploads\/2022\/12\/Von-Hirtenbuben-und-Waldarbeitern-in-Yach.jpg\",\"contentUrl\":\"https:\/\/heimatvereinyach.de\/wp-content\/uploads\/2022\/12\/Von-Hirtenbuben-und-Waldarbeitern-in-Yach.jpg\",\"width\":168,\"height\":255},{\"@type\":\"BreadcrumbList\",\"@id\":\"https:\/\/heimatvereinyach.de\/startseite\/produkt\/von-hirtenbuben-und-waldarbeitern-in-yach\/#breadcrumb\",\"itemListElement\":[{\"@type\":\"ListItem\",\"position\":1,\"name\":\"Startseite\",\"item\":\"https:\/\/heimatvereinyach.de\/startseite\/\"},{\"@type\":\"ListItem\",\"position\":2,\"name\":\"Shop\",\"item\":\"https:\/\/heimatvereinyach.de\/startseite\/shop\/\"},{\"@type\":\"ListItem\",\"position\":3,\"name\":\"Von Hirtenbuben und Waldarbeitern in Yach\"}]},{\"@type\":\"WebSite\",\"@id\":\"https:\/\/heimatvereinyach.de\/startseite\/#website\",\"url\":\"https:\/\/heimatvereinyach.de\/startseite\/\",\"name\":\"Heimat- und Lanschaftspflegeverein Yach\",\"description\":\"Die offizielle Homepage des HLP Yach e.V.\",\"publisher\":{\"@id\":\"https:\/\/heimatvereinyach.de\/startseite\/#organization\"},\"potentialAction\":[{\"@type\":\"SearchAction\",\"target\":{\"@type\":\"EntryPoint\",\"urlTemplate\":\"https:\/\/heimatvereinyach.de\/startseite\/?s={search_term_string}\"},\"query-input\":{\"@type\":\"PropertyValueSpecification\",\"valueRequired\":true,\"valueName\":\"search_term_string\"}}],\"inLanguage\":\"de\"},{\"@type\":\"Organization\",\"@id\":\"https:\/\/heimatvereinyach.de\/startseite\/#organization\",\"name\":\"Heimat- und Lanschaftspflegeverein Yach\",\"url\":\"https:\/\/heimatvereinyach.de\/startseite\/\",\"logo\":{\"@type\":\"ImageObject\",\"inLanguage\":\"de\",\"@id\":\"https:\/\/heimatvereinyach.de\/startseite\/#\/schema\/logo\/image\/\",\"url\":\"https:\/\/heimatvereinyach.de\/wp-content\/uploads\/2022\/03\/heimatverein_yach_logo1.jpg\",\"contentUrl\":\"https:\/\/heimatvereinyach.de\/wp-content\/uploads\/2022\/03\/heimatverein_yach_logo1.jpg\",\"width\":1245,\"height\":1151,\"caption\":\"Heimat- und Lanschaftspflegeverein Yach\"},\"image\":{\"@id\":\"https:\/\/heimatvereinyach.de\/startseite\/#\/schema\/logo\/image\/\"},\"sameAs\":[\"https:\/\/www.facebook.com\/heimatvereinyach\",\"https:\/\/www.instagram.com\/heimatverein_yach\/\"]}]}<\/script>\n<!-- \/ Yoast SEO plugin. -->","yoast_head_json":{"title":"Von Hirtenbuben und Waldarbeitern in Yach - Heimat- und Lanschaftspflegeverein Yach","robots":{"index":"index","follow":"follow","max-snippet":"max-snippet:-1","max-image-preview":"max-image-preview:large","max-video-preview":"max-video-preview:-1"},"canonical":"https:\/\/heimatvereinyach.de\/startseite\/produkt\/von-hirtenbuben-und-waldarbeitern-in-yach\/","og_locale":"de_DE","og_type":"article","og_title":"Von Hirtenbuben und Waldarbeitern in Yach - Heimat- und Lanschaftspflegeverein Yach","og_description":"Diese Schrift dokumentiert zwei Ausstellungen, mit denen wichtige Lebensbereiche in Yach vorgestellt wurden. Gezeigt wird, unter welchen Bedingungen die Menschen fr\u00fcher gelebt haben, wie sie damit fertig wurden, welche Bedeutung das f\u00fcr die Gemeinde hatte und wie sich die Verh\u00e4ltnisse bis in die Gegenwart ver\u00e4ndert haben. Dies kann dazu anregen, sich Gedanken \u00fcber die weitere [&hellip;]","og_url":"https:\/\/heimatvereinyach.de\/startseite\/produkt\/von-hirtenbuben-und-waldarbeitern-in-yach\/","og_site_name":"Heimat- und Lanschaftspflegeverein Yach","article_publisher":"https:\/\/www.facebook.com\/heimatvereinyach","article_modified_time":"2023-05-04T18:08:55+00:00","og_image":[{"width":168,"height":255,"url":"https:\/\/heimatvereinyach.de\/wp-content\/uploads\/2022\/12\/Von-Hirtenbuben-und-Waldarbeitern-in-Yach.jpg","type":"image\/jpeg"}],"twitter_card":"summary_large_image","twitter_misc":{"Gesch\u00e4tzte Lesezeit":"1\u00a0Minute"},"schema":{"@context":"https:\/\/schema.org","@graph":[{"@type":"WebPage","@id":"https:\/\/heimatvereinyach.de\/startseite\/produkt\/von-hirtenbuben-und-waldarbeitern-in-yach\/","url":"https:\/\/heimatvereinyach.de\/startseite\/produkt\/von-hirtenbuben-und-waldarbeitern-in-yach\/","name":"Von Hirtenbuben und Waldarbeitern in Yach - Heimat- und Lanschaftspflegeverein Yach","isPartOf":{"@id":"https:\/\/heimatvereinyach.de\/startseite\/#website"},"primaryImageOfPage":{"@id":"https:\/\/heimatvereinyach.de\/startseite\/produkt\/von-hirtenbuben-und-waldarbeitern-in-yach\/#primaryimage"},"image":{"@id":"https:\/\/heimatvereinyach.de\/startseite\/produkt\/von-hirtenbuben-und-waldarbeitern-in-yach\/#primaryimage"},"thumbnailUrl":"https:\/\/heimatvereinyach.de\/wp-content\/uploads\/2022\/12\/Von-Hirtenbuben-und-Waldarbeitern-in-Yach.jpg","datePublished":"2022-12-10T12:26:02+00:00","dateModified":"2023-05-04T18:08:55+00:00","breadcrumb":{"@id":"https:\/\/heimatvereinyach.de\/startseite\/produkt\/von-hirtenbuben-und-waldarbeitern-in-yach\/#breadcrumb"},"inLanguage":"de","potentialAction":[{"@type":"ReadAction","target":["https:\/\/heimatvereinyach.de\/startseite\/produkt\/von-hirtenbuben-und-waldarbeitern-in-yach\/"]}]},{"@type":"ImageObject","inLanguage":"de","@id":"https:\/\/heimatvereinyach.de\/startseite\/produkt\/von-hirtenbuben-und-waldarbeitern-in-yach\/#primaryimage","url":"https:\/\/heimatvereinyach.de\/wp-content\/uploads\/2022\/12\/Von-Hirtenbuben-und-Waldarbeitern-in-Yach.jpg","contentUrl":"https:\/\/heimatvereinyach.de\/wp-content\/uploads\/2022\/12\/Von-Hirtenbuben-und-Waldarbeitern-in-Yach.jpg","width":168,"height":255},{"@type":"BreadcrumbList","@id":"https:\/\/heimatvereinyach.de\/startseite\/produkt\/von-hirtenbuben-und-waldarbeitern-in-yach\/#breadcrumb","itemListElement":[{"@type":"ListItem","position":1,"name":"Startseite","item":"https:\/\/heimatvereinyach.de\/startseite\/"},{"@type":"ListItem","position":2,"name":"Shop","item":"https:\/\/heimatvereinyach.de\/startseite\/shop\/"},{"@type":"ListItem","position":3,"name":"Von Hirtenbuben und Waldarbeitern in Yach"}]},{"@type":"WebSite","@id":"https:\/\/heimatvereinyach.de\/startseite\/#website","url":"https:\/\/heimatvereinyach.de\/startseite\/","name":"Heimat- und Lanschaftspflegeverein Yach","description":"Die offizielle Homepage des HLP Yach e.V.","publisher":{"@id":"https:\/\/heimatvereinyach.de\/startseite\/#organization"},"potentialAction":[{"@type":"SearchAction","target":{"@type":"EntryPoint","urlTemplate":"https:\/\/heimatvereinyach.de\/startseite\/?s={search_term_string}"},"query-input":{"@type":"PropertyValueSpecification","valueRequired":true,"valueName":"search_term_string"}}],"inLanguage":"de"},{"@type":"Organization","@id":"https:\/\/heimatvereinyach.de\/startseite\/#organization","name":"Heimat- und Lanschaftspflegeverein Yach","url":"https:\/\/heimatvereinyach.de\/startseite\/","logo":{"@type":"ImageObject","inLanguage":"de","@id":"https:\/\/heimatvereinyach.de\/startseite\/#\/schema\/logo\/image\/","url":"https:\/\/heimatvereinyach.de\/wp-content\/uploads\/2022\/03\/heimatverein_yach_logo1.jpg","contentUrl":"https:\/\/heimatvereinyach.de\/wp-content\/uploads\/2022\/03\/heimatverein_yach_logo1.jpg","width":1245,"height":1151,"caption":"Heimat- und Lanschaftspflegeverein Yach"},"image":{"@id":"https:\/\/heimatvereinyach.de\/startseite\/#\/schema\/logo\/image\/"},"sameAs":["https:\/\/www.facebook.com\/heimatvereinyach","https:\/\/www.instagram.com\/heimatverein_yach\/"]}]}},"_links":{"self":[{"href":"https:\/\/heimatvereinyach.de\/startseite\/wp-json\/wp\/v2\/product\/128","targetHints":{"allow":["GET"]}}],"collection":[{"href":"https:\/\/heimatvereinyach.de\/startseite\/wp-json\/wp\/v2\/product"}],"about":[{"href":"https:\/\/heimatvereinyach.de\/startseite\/wp-json\/wp\/v2\/types\/product"}],"replies":[{"embeddable":true,"href":"https:\/\/heimatvereinyach.de\/startseite\/wp-json\/wp\/v2\/comments?post=128"}],"wp:featuredmedia":[{"embeddable":true,"href":"https:\/\/heimatvereinyach.de\/startseite\/wp-json\/wp\/v2\/media\/129"}],"wp:attachment":[{"href":"https:\/\/heimatvereinyach.de\/startseite\/wp-json\/wp\/v2\/media?parent=128"}],"wp:term":[{"taxonomy":"product_cat","embeddable":true,"href":"https:\/\/heimatvereinyach.de\/startseite\/wp-json\/wp\/v2\/product_cat?post=128"},{"taxonomy":"product_tag","embeddable":true,"href":"https:\/\/heimatvereinyach.de\/startseite\/wp-json\/wp\/v2\/product_tag?post=128"}],"curies":[{"name":"wp","href":"https:\/\/api.w.org\/{rel}","templated":true}]}}