{"id":125,"date":"2022-12-10T13:06:22","date_gmt":"2022-12-10T12:06:22","guid":{"rendered":"https:\/\/heimatvereinyach.de\/?post_type=product&#038;p=125"},"modified":"2023-05-04T20:10:04","modified_gmt":"2023-05-04T18:10:04","slug":"heimatgeschichten-leben-und-arbeiten-in-yach","status":"publish","type":"product","link":"https:\/\/heimatvereinyach.de\/startseite\/produkt\/heimatgeschichten-leben-und-arbeiten-in-yach\/","title":{"rendered":"Heimatgeschichten \u2013 Leben und Arbeiten in Yach"},"content":{"rendered":"<p>Leo Burger, Bauer auf dem Vogtshof und langj\u00e4hriger Ortsvorsteher von Yach, erinnert sich: an sein Leben mit gl\u00fccklichen und schweren Zeiten, an die Arbeiten im Tages- und Jahreslauf, an traditionelles Wissen, an die Ordnungen auf dem Bauernhof, an den Wandel in der Landwirtschaft, an die Gemeindepolitik. Er stellt die H\u00f6fe in Yach vor und erz\u00e4hlt \u2013 nach m\u00fcndlicher \u00dcberlieferung \u2013 deren Geschichte. Er berichtet \u00fcber Brauchtum, Feste und Feiertage und gibt einen Einblick in die Kirchengeschichte Yachs. Ausgestattet mit reichhaltigem Bildmaterial entsteht so ein einzigartiges Zeugnis fr\u00fcheren Lebens und Arbeitens im Schwarzwald. Die Bedeutung der H\u00f6fe und der tiefgreifende Strukturwandel im Dorf von der Selbstversorgerwirtschaft bis zum heutigen Kampf ums \u00dcberleben treten deutlich hervor. Mit seinen grundlegenden Ausf\u00fchrungen regt Leo Burger zu weiteren Untersuchungen an.<\/p>\n","protected":false},"excerpt":{"rendered":"<p>Leo Burger, Bauer auf dem Vogtshof und langj\u00e4hriger Ortsvorsteher von Yach, erinnert sich: an sein Leben mit gl\u00fccklichen und schweren Zeiten, an die Arbeiten im Tages- und Jahreslauf, an traditionelles Wissen, an die Ordnungen auf dem Bauernhof, an den Wandel in der Landwirtschaft, an die Gemeindepolitik. Er stellt die H\u00f6fe in Yach vor und erz\u00e4hlt [&hellip;]<\/p>\n","protected":false},"featured_media":126,"comment_status":"open","ping_status":"closed","template":"","meta":{"_et_pb_use_builder":"","_et_pb_old_content":"","_et_gb_content_width":""},"product_cat":[25],"product_tag":[29,27,28,26],"class_list":{"0":"post-125","1":"product","2":"type-product","3":"status-publish","4":"has-post-thumbnail","6":"product_cat-buecher","7":"product_tag-arbeiterleben","8":"product_tag-buch","9":"product_tag-geschichte","10":"product_tag-yach","12":"first","13":"instock","14":"shipping-taxable","15":"purchasable","16":"product-type-simple"},"yoast_head":"<!-- This site is optimized with the Yoast SEO plugin v23.6 - https:\/\/yoast.com\/wordpress\/plugins\/seo\/ -->\n<title>Heimatgeschichten \u2013 Leben und Arbeiten in Yach - Heimat- und Lanschaftspflegeverein Yach<\/title>\n<meta name=\"robots\" content=\"index, follow, max-snippet:-1, max-image-preview:large, max-video-preview:-1\" \/>\n<link rel=\"canonical\" href=\"https:\/\/heimatvereinyach.de\/startseite\/produkt\/heimatgeschichten-leben-und-arbeiten-in-yach\/\" \/>\n<meta property=\"og:locale\" content=\"de_DE\" \/>\n<meta property=\"og:type\" content=\"article\" \/>\n<meta property=\"og:title\" content=\"Heimatgeschichten \u2013 Leben und Arbeiten in Yach - Heimat- und Lanschaftspflegeverein Yach\" \/>\n<meta property=\"og:description\" content=\"Leo Burger, Bauer auf dem Vogtshof und langj\u00e4hriger Ortsvorsteher von Yach, erinnert sich: an sein Leben mit gl\u00fccklichen und schweren Zeiten, an die Arbeiten im Tages- und Jahreslauf, an traditionelles Wissen, an die Ordnungen auf dem Bauernhof, an den Wandel in der Landwirtschaft, an die Gemeindepolitik. Er stellt die H\u00f6fe in Yach vor und erz\u00e4hlt [&hellip;]\" \/>\n<meta property=\"og:url\" content=\"https:\/\/heimatvereinyach.de\/startseite\/produkt\/heimatgeschichten-leben-und-arbeiten-in-yach\/\" \/>\n<meta property=\"og:site_name\" content=\"Heimat- und Lanschaftspflegeverein Yach\" \/>\n<meta property=\"article:publisher\" content=\"https:\/\/www.facebook.com\/heimatvereinyach\" \/>\n<meta property=\"article:modified_time\" content=\"2023-05-04T18:10:04+00:00\" \/>\n<meta property=\"og:image\" content=\"https:\/\/heimatvereinyach.de\/wp-content\/uploads\/2022\/12\/Heimatgeschichten-Leben-und-Arbeiten-in-Yach.jpg\" \/>\n\t<meta property=\"og:image:width\" content=\"174\" \/>\n\t<meta property=\"og:image:height\" content=\"255\" \/>\n\t<meta property=\"og:image:type\" content=\"image\/jpeg\" \/>\n<meta name=\"twitter:card\" content=\"summary_large_image\" \/>\n<meta name=\"twitter:label1\" content=\"Gesch\u00e4tzte Lesezeit\" \/>\n\t<meta name=\"twitter:data1\" content=\"1\u00a0Minute\" \/>\n<script type=\"application\/ld+json\" class=\"yoast-schema-graph\">{\"@context\":\"https:\/\/schema.org\",\"@graph\":[{\"@type\":\"WebPage\",\"@id\":\"https:\/\/heimatvereinyach.de\/startseite\/produkt\/heimatgeschichten-leben-und-arbeiten-in-yach\/\",\"url\":\"https:\/\/heimatvereinyach.de\/startseite\/produkt\/heimatgeschichten-leben-und-arbeiten-in-yach\/\",\"name\":\"Heimatgeschichten \u2013 Leben und Arbeiten in Yach - Heimat- und Lanschaftspflegeverein Yach\",\"isPartOf\":{\"@id\":\"https:\/\/heimatvereinyach.de\/startseite\/#website\"},\"primaryImageOfPage\":{\"@id\":\"https:\/\/heimatvereinyach.de\/startseite\/produkt\/heimatgeschichten-leben-und-arbeiten-in-yach\/#primaryimage\"},\"image\":{\"@id\":\"https:\/\/heimatvereinyach.de\/startseite\/produkt\/heimatgeschichten-leben-und-arbeiten-in-yach\/#primaryimage\"},\"thumbnailUrl\":\"https:\/\/heimatvereinyach.de\/wp-content\/uploads\/2022\/12\/Heimatgeschichten-Leben-und-Arbeiten-in-Yach.jpg\",\"datePublished\":\"2022-12-10T12:06:22+00:00\",\"dateModified\":\"2023-05-04T18:10:04+00:00\",\"breadcrumb\":{\"@id\":\"https:\/\/heimatvereinyach.de\/startseite\/produkt\/heimatgeschichten-leben-und-arbeiten-in-yach\/#breadcrumb\"},\"inLanguage\":\"de\",\"potentialAction\":[{\"@type\":\"ReadAction\",\"target\":[\"https:\/\/heimatvereinyach.de\/startseite\/produkt\/heimatgeschichten-leben-und-arbeiten-in-yach\/\"]}]},{\"@type\":\"ImageObject\",\"inLanguage\":\"de\",\"@id\":\"https:\/\/heimatvereinyach.de\/startseite\/produkt\/heimatgeschichten-leben-und-arbeiten-in-yach\/#primaryimage\",\"url\":\"https:\/\/heimatvereinyach.de\/wp-content\/uploads\/2022\/12\/Heimatgeschichten-Leben-und-Arbeiten-in-Yach.jpg\",\"contentUrl\":\"https:\/\/heimatvereinyach.de\/wp-content\/uploads\/2022\/12\/Heimatgeschichten-Leben-und-Arbeiten-in-Yach.jpg\",\"width\":174,\"height\":255},{\"@type\":\"BreadcrumbList\",\"@id\":\"https:\/\/heimatvereinyach.de\/startseite\/produkt\/heimatgeschichten-leben-und-arbeiten-in-yach\/#breadcrumb\",\"itemListElement\":[{\"@type\":\"ListItem\",\"position\":1,\"name\":\"Startseite\",\"item\":\"https:\/\/heimatvereinyach.de\/startseite\/\"},{\"@type\":\"ListItem\",\"position\":2,\"name\":\"Shop\",\"item\":\"https:\/\/heimatvereinyach.de\/startseite\/shop\/\"},{\"@type\":\"ListItem\",\"position\":3,\"name\":\"Heimatgeschichten \u2013 Leben und Arbeiten in Yach\"}]},{\"@type\":\"WebSite\",\"@id\":\"https:\/\/heimatvereinyach.de\/startseite\/#website\",\"url\":\"https:\/\/heimatvereinyach.de\/startseite\/\",\"name\":\"Heimat- und Lanschaftspflegeverein Yach\",\"description\":\"Die offizielle Homepage des HLP Yach e.V.\",\"publisher\":{\"@id\":\"https:\/\/heimatvereinyach.de\/startseite\/#organization\"},\"potentialAction\":[{\"@type\":\"SearchAction\",\"target\":{\"@type\":\"EntryPoint\",\"urlTemplate\":\"https:\/\/heimatvereinyach.de\/startseite\/?s={search_term_string}\"},\"query-input\":{\"@type\":\"PropertyValueSpecification\",\"valueRequired\":true,\"valueName\":\"search_term_string\"}}],\"inLanguage\":\"de\"},{\"@type\":\"Organization\",\"@id\":\"https:\/\/heimatvereinyach.de\/startseite\/#organization\",\"name\":\"Heimat- und Lanschaftspflegeverein Yach\",\"url\":\"https:\/\/heimatvereinyach.de\/startseite\/\",\"logo\":{\"@type\":\"ImageObject\",\"inLanguage\":\"de\",\"@id\":\"https:\/\/heimatvereinyach.de\/startseite\/#\/schema\/logo\/image\/\",\"url\":\"https:\/\/heimatvereinyach.de\/wp-content\/uploads\/2022\/03\/heimatverein_yach_logo1.jpg\",\"contentUrl\":\"https:\/\/heimatvereinyach.de\/wp-content\/uploads\/2022\/03\/heimatverein_yach_logo1.jpg\",\"width\":1245,\"height\":1151,\"caption\":\"Heimat- und Lanschaftspflegeverein Yach\"},\"image\":{\"@id\":\"https:\/\/heimatvereinyach.de\/startseite\/#\/schema\/logo\/image\/\"},\"sameAs\":[\"https:\/\/www.facebook.com\/heimatvereinyach\",\"https:\/\/www.instagram.com\/heimatverein_yach\/\"]}]}<\/script>\n<!-- \/ Yoast SEO plugin. -->","yoast_head_json":{"title":"Heimatgeschichten \u2013 Leben und Arbeiten in Yach - Heimat- und Lanschaftspflegeverein Yach","robots":{"index":"index","follow":"follow","max-snippet":"max-snippet:-1","max-image-preview":"max-image-preview:large","max-video-preview":"max-video-preview:-1"},"canonical":"https:\/\/heimatvereinyach.de\/startseite\/produkt\/heimatgeschichten-leben-und-arbeiten-in-yach\/","og_locale":"de_DE","og_type":"article","og_title":"Heimatgeschichten \u2013 Leben und Arbeiten in Yach - Heimat- und Lanschaftspflegeverein Yach","og_description":"Leo Burger, Bauer auf dem Vogtshof und langj\u00e4hriger Ortsvorsteher von Yach, erinnert sich: an sein Leben mit gl\u00fccklichen und schweren Zeiten, an die Arbeiten im Tages- und Jahreslauf, an traditionelles Wissen, an die Ordnungen auf dem Bauernhof, an den Wandel in der Landwirtschaft, an die Gemeindepolitik. Er stellt die H\u00f6fe in Yach vor und erz\u00e4hlt [&hellip;]","og_url":"https:\/\/heimatvereinyach.de\/startseite\/produkt\/heimatgeschichten-leben-und-arbeiten-in-yach\/","og_site_name":"Heimat- und Lanschaftspflegeverein Yach","article_publisher":"https:\/\/www.facebook.com\/heimatvereinyach","article_modified_time":"2023-05-04T18:10:04+00:00","og_image":[{"width":174,"height":255,"url":"https:\/\/heimatvereinyach.de\/wp-content\/uploads\/2022\/12\/Heimatgeschichten-Leben-und-Arbeiten-in-Yach.jpg","type":"image\/jpeg"}],"twitter_card":"summary_large_image","twitter_misc":{"Gesch\u00e4tzte Lesezeit":"1\u00a0Minute"},"schema":{"@context":"https:\/\/schema.org","@graph":[{"@type":"WebPage","@id":"https:\/\/heimatvereinyach.de\/startseite\/produkt\/heimatgeschichten-leben-und-arbeiten-in-yach\/","url":"https:\/\/heimatvereinyach.de\/startseite\/produkt\/heimatgeschichten-leben-und-arbeiten-in-yach\/","name":"Heimatgeschichten \u2013 Leben und Arbeiten in Yach - Heimat- und Lanschaftspflegeverein Yach","isPartOf":{"@id":"https:\/\/heimatvereinyach.de\/startseite\/#website"},"primaryImageOfPage":{"@id":"https:\/\/heimatvereinyach.de\/startseite\/produkt\/heimatgeschichten-leben-und-arbeiten-in-yach\/#primaryimage"},"image":{"@id":"https:\/\/heimatvereinyach.de\/startseite\/produkt\/heimatgeschichten-leben-und-arbeiten-in-yach\/#primaryimage"},"thumbnailUrl":"https:\/\/heimatvereinyach.de\/wp-content\/uploads\/2022\/12\/Heimatgeschichten-Leben-und-Arbeiten-in-Yach.jpg","datePublished":"2022-12-10T12:06:22+00:00","dateModified":"2023-05-04T18:10:04+00:00","breadcrumb":{"@id":"https:\/\/heimatvereinyach.de\/startseite\/produkt\/heimatgeschichten-leben-und-arbeiten-in-yach\/#breadcrumb"},"inLanguage":"de","potentialAction":[{"@type":"ReadAction","target":["https:\/\/heimatvereinyach.de\/startseite\/produkt\/heimatgeschichten-leben-und-arbeiten-in-yach\/"]}]},{"@type":"ImageObject","inLanguage":"de","@id":"https:\/\/heimatvereinyach.de\/startseite\/produkt\/heimatgeschichten-leben-und-arbeiten-in-yach\/#primaryimage","url":"https:\/\/heimatvereinyach.de\/wp-content\/uploads\/2022\/12\/Heimatgeschichten-Leben-und-Arbeiten-in-Yach.jpg","contentUrl":"https:\/\/heimatvereinyach.de\/wp-content\/uploads\/2022\/12\/Heimatgeschichten-Leben-und-Arbeiten-in-Yach.jpg","width":174,"height":255},{"@type":"BreadcrumbList","@id":"https:\/\/heimatvereinyach.de\/startseite\/produkt\/heimatgeschichten-leben-und-arbeiten-in-yach\/#breadcrumb","itemListElement":[{"@type":"ListItem","position":1,"name":"Startseite","item":"https:\/\/heimatvereinyach.de\/startseite\/"},{"@type":"ListItem","position":2,"name":"Shop","item":"https:\/\/heimatvereinyach.de\/startseite\/shop\/"},{"@type":"ListItem","position":3,"name":"Heimatgeschichten \u2013 Leben und Arbeiten in Yach"}]},{"@type":"WebSite","@id":"https:\/\/heimatvereinyach.de\/startseite\/#website","url":"https:\/\/heimatvereinyach.de\/startseite\/","name":"Heimat- und Lanschaftspflegeverein Yach","description":"Die offizielle Homepage des HLP Yach e.V.","publisher":{"@id":"https:\/\/heimatvereinyach.de\/startseite\/#organization"},"potentialAction":[{"@type":"SearchAction","target":{"@type":"EntryPoint","urlTemplate":"https:\/\/heimatvereinyach.de\/startseite\/?s={search_term_string}"},"query-input":{"@type":"PropertyValueSpecification","valueRequired":true,"valueName":"search_term_string"}}],"inLanguage":"de"},{"@type":"Organization","@id":"https:\/\/heimatvereinyach.de\/startseite\/#organization","name":"Heimat- und Lanschaftspflegeverein Yach","url":"https:\/\/heimatvereinyach.de\/startseite\/","logo":{"@type":"ImageObject","inLanguage":"de","@id":"https:\/\/heimatvereinyach.de\/startseite\/#\/schema\/logo\/image\/","url":"https:\/\/heimatvereinyach.de\/wp-content\/uploads\/2022\/03\/heimatverein_yach_logo1.jpg","contentUrl":"https:\/\/heimatvereinyach.de\/wp-content\/uploads\/2022\/03\/heimatverein_yach_logo1.jpg","width":1245,"height":1151,"caption":"Heimat- und Lanschaftspflegeverein Yach"},"image":{"@id":"https:\/\/heimatvereinyach.de\/startseite\/#\/schema\/logo\/image\/"},"sameAs":["https:\/\/www.facebook.com\/heimatvereinyach","https:\/\/www.instagram.com\/heimatverein_yach\/"]}]}},"_links":{"self":[{"href":"https:\/\/heimatvereinyach.de\/startseite\/wp-json\/wp\/v2\/product\/125","targetHints":{"allow":["GET"]}}],"collection":[{"href":"https:\/\/heimatvereinyach.de\/startseite\/wp-json\/wp\/v2\/product"}],"about":[{"href":"https:\/\/heimatvereinyach.de\/startseite\/wp-json\/wp\/v2\/types\/product"}],"replies":[{"embeddable":true,"href":"https:\/\/heimatvereinyach.de\/startseite\/wp-json\/wp\/v2\/comments?post=125"}],"wp:featuredmedia":[{"embeddable":true,"href":"https:\/\/heimatvereinyach.de\/startseite\/wp-json\/wp\/v2\/media\/126"}],"wp:attachment":[{"href":"https:\/\/heimatvereinyach.de\/startseite\/wp-json\/wp\/v2\/media?parent=125"}],"wp:term":[{"taxonomy":"product_cat","embeddable":true,"href":"https:\/\/heimatvereinyach.de\/startseite\/wp-json\/wp\/v2\/product_cat?post=125"},{"taxonomy":"product_tag","embeddable":true,"href":"https:\/\/heimatvereinyach.de\/startseite\/wp-json\/wp\/v2\/product_tag?post=125"}],"curies":[{"name":"wp","href":"https:\/\/api.w.org\/{rel}","templated":true}]}}